{"id":7570,"date":"2026-02-16T19:43:45","date_gmt":"2026-02-16T18:43:45","guid":{"rendered":"https:\/\/europeansecurity.eu\/?page_id=7570"},"modified":"2026-02-23T09:40:37","modified_gmt":"2026-02-23T08:40:37","slug":"inspecteur-magasin-retail","status":"publish","type":"page","link":"https:\/\/europeansecurity.eu\/en\/inspecteur-magasin-retail\/","title":{"rendered":"Inspecteur Magasin &#8211; Retail"},"content":{"rendered":"<p>[et_pb_section fb_built=\u00a0\u00bb1&Prime; custom_padding_last_edited=\u00a0\u00bboff|desktop\u00a0\u00bb admin_label=\u00a0\u00bbHeader\u00a0\u00bb _builder_version=\u00a0\u00bb4.16&Prime; _module_preset=\u00a0\u00bbdefault\u00a0\u00bb use_background_color_gradient=\u00a0\u00bbon\u00a0\u00bb background_color_gradient_direction=\u00a0\u00bb40deg\u00a0\u00bb background_color_gradient_stops=\u00a0\u00bb#ffffff 30%|rgba(237,68,33,0.85) 30%\u00a0\u00bb background_color_gradient_overlays_image=\u00a0\u00bbon\u00a0\u00bb background_color_gradient_start=\u00a0\u00bb#ffffff\u00a0\u00bb background_color_gradient_start_position=\u00a0\u00bb30%\u00a0\u00bb background_color_gradient_end=\u00a0\u00bbrgba(237,68,33,0.85)\u00a0\u00bb background_color_gradient_end_position=\u00a0\u00bb30%\u00a0\u00bb background_image=\u00a0\u00bbhttps:\/\/europeansecurity.eu\/wp-content\/uploads\/2025\/11\/security-services-004.jpg\u00a0\u00bb custom_padding=\u00a0\u00bb8vw||8vw||true|false\u00a0\u00bb custom_padding_tablet=\u00a0\u00bb80px||80px||true|false\u00a0\u00bb custom_padding_phone=\u00a0\u00bb40px||40px||true|false\u00a0\u00bb global_colors_info=\u00a0\u00bb{}\u00a0\u00bb][et_pb_row custom_padding_last_edited=\u00a0\u00bbon|phone\u00a0\u00bb _builder_version=\u00a0\u00bb4.16&Prime; _module_preset=\u00a0\u00bbdefault\u00a0\u00bb background_color=\u00a0\u00bbgcid-1507814a-0ca7-4d7b-a1ae-cfb45ab2c929&Prime; custom_padding=\u00a0\u00bb60px|60px|0px|60px|false|true\u00a0\u00bb custom_padding_tablet=\u00a0\u00bb40px|30px||30px|false|true\u00a0\u00bb custom_padding_phone=\u00a0\u00bb|20px||20px|false|true\u00a0\u00bb box_shadow_style=\u00a0\u00bbpreset1&Prime; box_shadow_horizontal=\u00a0\u00bb30px\u00a0\u00bb box_shadow_vertical=\u00a0\u00bb100px\u00a0\u00bb box_shadow_blur=\u00a0\u00bb120px\u00a0\u00bb box_shadow_color=\u00a0\u00bbrgba(0,7,36,0.7)\u00a0\u00bb global_colors_info=\u00a0\u00bb{%22gcid-1507814a-0ca7-4d7b-a1ae-cfb45ab2c929%22:%91%22background_color%22%93}\u00a0\u00bb][et_pb_column type=\u00a0\u00bb4_4&Prime; _builder_version=\u00a0\u00bb4.16&Prime; _module_preset=\u00a0\u00bbdefault\u00a0\u00bb global_colors_info=\u00a0\u00bb{}\u00a0\u00bb][et_pb_text _builder_version=\u00a0\u00bb4.16&Prime; _module_preset=\u00a0\u00bbd72c0383-6487-4f2c-ac5c-7d48a6376757&Prime; header_font=\u00a0\u00bbMichroma||||||||\u00a0\u00bb header_text_color=\u00a0\u00bb#FFFFFF\u00a0\u00bb header_font_size=\u00a0\u00bb72px\u00a0\u00bb header_line_height=\u00a0\u00bb1.1em\u00a0\u00bb background_layout=\u00a0\u00bbdark\u00a0\u00bb animation_direction=\u00a0\u00bbtop\u00a0\u00bb header_font_size_tablet=\u00a0\u00bb48px\u00a0\u00bb header_font_size_phone=\u00a0\u00bb24px\u00a0\u00bb header_font_size_last_edited=\u00a0\u00bbon|phone\u00a0\u00bb locked=\u00a0\u00bboff\u00a0\u00bb global_colors_info=\u00a0\u00bb{}\u00a0\u00bb]<\/p>\n<h1 style=\"text-align: center;\">INSPECTEUR MAGASIN &#8211; RETAIL\u00a0<\/h1>\n<p>[\/et_pb_text][\/et_pb_column][\/et_pb_row][et_pb_row column_structure=\u00a0\u00bb2_3,1_3&Prime; custom_padding_last_edited=\u00a0\u00bbon|tablet\u00a0\u00bb _builder_version=\u00a0\u00bb4.16&Prime; _module_preset=\u00a0\u00bbdefault\u00a0\u00bb background_color=\u00a0\u00bbgcid-1507814a-0ca7-4d7b-a1ae-cfb45ab2c929&Prime; custom_padding=\u00a0\u00bb|60px|60px|60px|false|true\u00a0\u00bb custom_padding_tablet=\u00a0\u00bb|30px|40px|30px|false|true\u00a0\u00bb custom_padding_phone=\u00a0\u00bb|20px||20px|false|true\u00a0\u00bb box_shadow_style=\u00a0\u00bbpreset1&Prime; box_shadow_horizontal=\u00a0\u00bb30px\u00a0\u00bb box_shadow_vertical=\u00a0\u00bb100px\u00a0\u00bb box_shadow_blur=\u00a0\u00bb120px\u00a0\u00bb box_shadow_color=\u00a0\u00bbrgba(0,7,36,0.7)\u00a0\u00bb global_colors_info=\u00a0\u00bb{%22gcid-1507814a-0ca7-4d7b-a1ae-cfb45ab2c929%22:%91%22background_color%22%93}\u00a0\u00bb][et_pb_column type=\u00a0\u00bb2_3&Prime; _builder_version=\u00a0\u00bb4.16&Prime; _module_preset=\u00a0\u00bbdefault\u00a0\u00bb global_colors_info=\u00a0\u00bb{}\u00a0\u00bb][et_pb_text _builder_version=\u00a0\u00bb4.16&Prime; _module_preset=\u00a0\u00bbaec0be99-8a53-4f75-abf2-64f29a8b4cc2&Prime; text_font=\u00a0\u00bbUbuntu|500|||||||\u00a0\u00bb text_text_color=\u00a0\u00bb#FFFFFF\u00a0\u00bb text_font_size=\u00a0\u00bb17px\u00a0\u00bb text_line_height=\u00a0\u00bb1.8em\u00a0\u00bb text_font_size_tablet=\u00a0\u00bb16px\u00a0\u00bb text_font_size_phone=\u00a0\u00bb13px\u00a0\u00bb text_font_size_last_edited=\u00a0\u00bbon|phone\u00a0\u00bb locked=\u00a0\u00bboff\u00a0\u00bb global_colors_info=\u00a0\u00bb{}\u00a0\u00bb]<\/p>\n<p><span style=\"color: #191919;\">Nos inspecteurs magasin interviennent discr\u00e8tement pour pr\u00e9venir les vols et r\u00e9duire la d\u00e9marque inconnue dans les commerces et grandes surfaces.<\/span><\/p>\n<p><span style=\"color: #191919;\">Form\u00e9s et agr\u00e9\u00e9s, ils d\u00e9tectent les comportements suspects et interviennent en flagrant d\u00e9lit dans le respect strict de la l\u00e9gislation belge.<\/span><\/p>\n<p><span style=\"color: #191919;\">Une solution efficace et professionnelle pour prot\u00e9ger votre rentabilit\u00e9 et<\/span> s\u00e9curiser votre point de vente.<\/p>\n<p>[\/et_pb_text][\/et_pb_column][et_pb_column type=\u00a0\u00bb1_3&Prime; _builder_version=\u00a0\u00bb4.16&Prime; _module_preset=\u00a0\u00bbdefault\u00a0\u00bb global_colors_info=\u00a0\u00bb{}\u00a0\u00bb][\/et_pb_column][\/et_pb_row][\/et_pb_section][et_pb_section fb_built=\u00a0\u00bb1&Prime; admin_label=\u00a0\u00bbAbout\u00a0\u00bb _builder_version=\u00a0\u00bb4.27.5&Prime; _module_preset=\u00a0\u00bbdefault\u00a0\u00bb background_color=\u00a0\u00bb#E0B700&Prime; global_colors_info=\u00a0\u00bb{}\u00a0\u00bb][et_pb_row column_structure=\u00a0\u00bb1_2,1_2&Prime; _builder_version=\u00a0\u00bb4.16&Prime; _module_preset=\u00a0\u00bbdefault\u00a0\u00bb global_colors_info=\u00a0\u00bb{}\u00a0\u00bb][et_pb_column type=\u00a0\u00bb1_2&Prime; _builder_version=\u00a0\u00bb4.16&Prime; _module_preset=\u00a0\u00bbdefault\u00a0\u00bb global_colors_info=\u00a0\u00bb{}\u00a0\u00bb][et_pb_text _builder_version=\u00a0\u00bb4.16&Prime; _module_preset=\u00a0\u00bb32021f09-dd67-47fb-8f9a-832b72a38baf\u00a0\u00bb header_2_font=\u00a0\u00bbMichroma||||||||\u00a0\u00bb header_2_text_color=\u00a0\u00bb#000724&Prime; header_2_font_size=\u00a0\u00bb40px\u00a0\u00bb header_2_line_height=\u00a0\u00bb1.35em\u00a0\u00bb custom_margin=\u00a0\u00bb||5px||false|false\u00a0\u00bb header_2_font_size_tablet=\u00a0\u00bb32px\u00a0\u00bb header_2_font_size_phone=\u00a0\u00bb20px\u00a0\u00bb header_2_font_size_last_edited=\u00a0\u00bbon|tablet\u00a0\u00bb locked=\u00a0\u00bboff\u00a0\u00bb global_colors_info=\u00a0\u00bb{}\u00a0\u00bb]<\/p>\n<h2>Service Details<\/h2>\n<p>[\/et_pb_text][et_pb_text _builder_version=\u00a0\u00bb4.27.5&Prime; _module_preset=\u00a0\u00bb16a54059-cc81-4572-9c70-eda6a6c419bf\u00a0\u00bb text_font_size=\u00a0\u00bb16px\u00a0\u00bb text_line_height=\u00a0\u00bb1.8em\u00a0\u00bb custom_padding=\u00a0\u00bb|0px|0px|||\u00a0\u00bb text_font_size_tablet=\u00a0\u00bb15px\u00a0\u00bb text_font_size_phone=\u00a0\u00bb14px\u00a0\u00bb text_font_size_last_edited=\u00a0\u00bbon|phone\u00a0\u00bb header_font_size_tablet=\u00a0\u00bb55px\u00a0\u00bb header_font_size_last_edited=\u00a0\u00bboff|desktop\u00a0\u00bb locked=\u00a0\u00bboff\u00a0\u00bb global_colors_info=\u00a0\u00bb{}\u00a0\u00bb width=\u00a0\u00bb97.8%\u00a0\u00bb]<\/p>\n<h1><span style=\"color: #ededed;\">Surveillance Discr\u00e8te et Lutte contre le Vol en Magasin<\/span><\/h1>\n<p>Notre service d\u2019<strong>inspecteur magasin en Belgique<\/strong><span>\u00a0<\/span>est sp\u00e9cialis\u00e9 dans la<span>\u00a0<\/span><strong>pr\u00e9vention des vols et la d\u00e9tection des flagrants d\u00e9lits en commerce et grande distribution<\/strong>.<\/p>\n<h4>L\u2019inspecteur magasin, \u00e9galement appel\u00e9<span>\u00a0<\/span><strong>agent en civil ou retail<\/strong>, intervient discr\u00e8tement au sein de votre point de vente afin d\u2019identifier les comportements suspects, pr\u00e9venir la d\u00e9marque inconnue et interpeller les auteurs de vol dans le strict respect de la l\u00e9gislation.<\/h4>\n<h1><span style=\"color: #ffffff;\">Pr\u00e9vention Active de la D\u00e9marque Inconnue<\/span><\/h1>\n<p>La d\u00e9marque inconnue repr\u00e9sente une perte financi\u00e8re importante pour les enseignes du retail.<\/p>\n<p>Nos inspecteurs magasin agissent de mani\u00e8re proactive pour :<\/p>\n<ul>\n<li>Observer les comportements suspects<\/li>\n<li>Identifier les techniques de vol<\/li>\n<li>Surveiller les zones sensibles (rayons \u00e0 risque, cabines, caisses)<\/li>\n<li>Intervenir en cas de flagrant d\u00e9lit<\/li>\n<li>R\u00e9diger des rapports pr\u00e9cis et exploitables<\/li>\n<\/ul>\n<p>La pr\u00e9sence discr\u00e8te d\u2019un agent en civil constitue un levier puissant de dissuasion et de r\u00e9duction des pertes.<\/p>\n<h1><span style=\"color: #f4f4f4;\">Agent en Civil Form\u00e9 et Agr\u00e9\u00e9<\/span><\/h1>\n<p>Nos inspecteurs magasin sont :<\/p>\n<ul>\n<li>Titulaires de la formation l\u00e9gale en s\u00e9curit\u00e9 priv\u00e9e (ACG de base)<\/li>\n<li>Form\u00e9s aux techniques d\u2019observation et d\u2019interpellation<\/li>\n<li>Exp\u00e9riment\u00e9s dans le secteur du retail<\/li>\n<li>Professionnels, discrets et ma\u00eetrisant la gestion de conflit<\/li>\n<\/ul>\n<p>Leur mission est d\u2019intervenir avec discernement, dans le respect du cadre l\u00e9gal belge, tout en prot\u00e9geant l\u2019image de votre enseigne.<\/p>\n<h2><span style=\"color: #efefef;\">Surveillance Discr\u00e8te et Intervention Cibl\u00e9e<\/span><\/h2>\n<p>L\u2019inspecteur magasin op\u00e8re sans uniforme afin de :<\/p>\n<ul>\n<li>Se fondre parmi la client\u00e8le<\/li>\n<li>D\u00e9tecter les r\u00e9seaux organis\u00e9s<\/li>\n<li>Identifier les vols opportunistes<\/li>\n<li>S\u00e9curiser les zones \u00e0 forte exposition<\/li>\n<\/ul>\n<p>En cas de flagrant d\u00e9lit, l\u2019agent proc\u00e8de \u00e0 une intervention proportionn\u00e9e et conforme aux proc\u00e9dures l\u00e9gales.<\/p>\n<h1><span style=\"color: #eaeaea;\">Inspecteur Magasin pour Enseignes, Centres Commerciaux et Retail<\/span><\/h1>\n<p>Nous intervenons pour :<\/p>\n<ul>\n<li>Supermarch\u00e9s et grandes surfaces<\/li>\n<li>Enseignes sp\u00e9cialis\u00e9es<\/li>\n<li>Boutiques et commerces ind\u00e9pendants<\/li>\n<li>Centres commerciaux<\/li>\n<li>Cha\u00eenes nationales et internationales<\/li>\n<\/ul>\n<p>Notre service d\u2019<strong>inspecteur magasin en Belgique<\/strong><span>\u00a0<\/span>s\u2019adapte \u00e0 votre volume d\u2019activit\u00e9 et \u00e0 votre niveau de risque.<\/p>\n<h2><span style=\"color: #f2f2f2;\">R\u00e9duction des Pertes et Protection de Votre Rentabilit\u00e9<\/span><\/h2>\n<p>Un dispositif structur\u00e9 d\u2019agent en civil permet :<\/p>\n<ul>\n<li>Une diminution significative des vols<\/li>\n<li>Une meilleure ma\u00eetrise des pertes<\/li>\n<li>Une s\u00e9curisation du personnel<\/li>\n<li>Une am\u00e9lioration du climat en magasin<\/li>\n<\/ul>\n<p>La pr\u00e9vention est toujours plus efficace que la r\u00e9action tardive.<\/p>\n<h1><span style=\"color: #eaeaea;\">In<span style=\"color: #e8e8e8;\">specteur<\/span><\/span><span style=\"color: #e8e8e8;\"> Magasin en Belgique \u2013 Devis Personnalis\u00e9<\/span><\/h1>\n<p>Vous recherchez un<span>\u00a0<\/span><strong>agent en civil sp\u00e9cialis\u00e9 en pr\u00e9vention vol <\/strong>?<\/p>\n<p>Nous analysons votre taux de d\u00e9marque, vos zones sensibles et mettons en place un dispositif adapt\u00e9 \u00e0 votre enseigne.<\/p>\n<p>Contactez-nous pour une \u00e9tude confidentielle et un devis rapide.<\/p>\n<p>[\/et_pb_text][\/et_pb_column][et_pb_column type=\u00a0\u00bb1_2&Prime; _builder_version=\u00a0\u00bb4.16&Prime; _module_preset=\u00a0\u00bbdefault\u00a0\u00bb global_colors_info=\u00a0\u00bb{}\u00a0\u00bb][et_pb_image src=\u00a0\u00bbhttps:\/\/europeansecurity.eu\/wp-content\/uploads\/2026\/02\/retail-vol.jpg\u00a0\u00bb title_text=\u00a0\u00bbRetail Shoplifting. Woman Stealing In Supermarket. Theft At Shop\u00a0\u00bb force_fullwidth=\u00a0\u00bbon\u00a0\u00bb _builder_version=\u00a0\u00bb4.27.5&Prime; _module_preset=\u00a0\u00bbdefault\u00a0\u00bb hover_enabled=\u00a0\u00bb0&Prime; global_colors_info=\u00a0\u00bb{}\u00a0\u00bb sticky_enabled=\u00a0\u00bb0&Prime;][\/et_pb_image][\/et_pb_column][\/et_pb_row][\/et_pb_section]<\/p>\n","protected":false},"excerpt":{"rendered":"<p>INSPECTEUR MAGASIN &#8211; RETAIL\u00a0Nos inspecteurs magasin interviennent discr\u00e8tement pour pr\u00e9venir les vols et r\u00e9duire la d\u00e9marque inconnue dans les commerces et grandes surfaces. Form\u00e9s et agr\u00e9\u00e9s, ils d\u00e9tectent les comportements suspects et interviennent en flagrant d\u00e9lit dans le respect strict de la l\u00e9gislation belge. Une solution efficace et professionnelle pour prot\u00e9ger votre rentabilit\u00e9 et s\u00e9curiser [&hellip;]<\/p>\n","protected":false},"author":1,"featured_media":0,"parent":0,"menu_order":0,"comment_status":"closed","ping_status":"closed","template":"","meta":{"_et_pb_use_builder":"on","_et_pb_old_content":"","_et_gb_content_width":"","footnotes":""},"class_list":["post-7570","page","type-page","status-publish","hentry"],"yoast_head":"<!-- This site is optimized with the Yoast SEO Premium plugin v26.9 (Yoast SEO v26.9) - https:\/\/yoast.com\/product\/yoast-seo-premium-wordpress\/ -->\n<title>Inspecteur Magasin - Retail | European Security<\/title>\n<meta name=\"robots\" content=\"index, follow, max-snippet:-1, max-image-preview:large, max-video-preview:-1\" \/>\n<link rel=\"canonical\" href=\"https:\/\/europeansecurity.eu\/en\/inspecteur-magasin-retail\/\" \/>\n<meta property=\"og:locale\" content=\"en_GB\" \/>\n<meta property=\"og:type\" content=\"article\" \/>\n<meta property=\"og:title\" content=\"Inspecteur Magasin - Retail\" \/>\n<meta property=\"og:description\" content=\"INSPECTEUR MAGASIN - RETAIL\u00a0Nos inspecteurs magasin interviennent discr\u00e8tement pour pr\u00e9venir les vols et r\u00e9duire la d\u00e9marque inconnue dans les commerces et grandes surfaces. Form\u00e9s et agr\u00e9\u00e9s, ils d\u00e9tectent les comportements suspects et interviennent en flagrant d\u00e9lit dans le respect strict de la l\u00e9gislation belge. Une solution efficace et professionnelle pour prot\u00e9ger votre rentabilit\u00e9 et s\u00e9curiser [&hellip;]\" \/>\n<meta property=\"og:url\" content=\"https:\/\/europeansecurity.eu\/en\/inspecteur-magasin-retail\/\" \/>\n<meta property=\"og:site_name\" content=\"European Security\" \/>\n<meta property=\"article:publisher\" content=\"https:\/\/www.facebook.com\/profile.php?id=100045113027366\" \/>\n<meta property=\"article:modified_time\" content=\"2026-02-23T08:40:37+00:00\" \/>\n<meta property=\"og:image\" content=\"https:\/\/europeansecurity.eu\/wp-content\/uploads\/2022\/11\/Logo.png\" \/>\n\t<meta property=\"og:image:width\" content=\"1535\" \/>\n\t<meta property=\"og:image:height\" content=\"493\" \/>\n\t<meta property=\"og:image:type\" content=\"image\/png\" \/>\n<meta name=\"twitter:card\" content=\"summary_large_image\" \/>\n<meta name=\"twitter:label1\" content=\"Estimated reading time\" \/>\n\t<meta name=\"twitter:data1\" content=\"6 minutes\" \/>\n<script type=\"application\/ld+json\" class=\"yoast-schema-graph\">{\"@context\":\"https:\/\/schema.org\",\"@graph\":[{\"@type\":\"WebPage\",\"@id\":\"https:\/\/europeansecurity.eu\/inspecteur-magasin-retail\/\",\"url\":\"https:\/\/europeansecurity.eu\/inspecteur-magasin-retail\/\",\"name\":\"Inspecteur Magasin - Retail | European Security\",\"isPartOf\":{\"@id\":\"https:\/\/europeansecurity.eu\/#website\"},\"datePublished\":\"2026-02-16T18:43:45+00:00\",\"dateModified\":\"2026-02-23T08:40:37+00:00\",\"breadcrumb\":{\"@id\":\"https:\/\/europeansecurity.eu\/inspecteur-magasin-retail\/#breadcrumb\"},\"inLanguage\":\"en-GB\",\"potentialAction\":[{\"@type\":\"ReadAction\",\"target\":[\"https:\/\/europeansecurity.eu\/inspecteur-magasin-retail\/\"]}]},{\"@type\":\"BreadcrumbList\",\"@id\":\"https:\/\/europeansecurity.eu\/inspecteur-magasin-retail\/#breadcrumb\",\"itemListElement\":[{\"@type\":\"ListItem\",\"position\":1,\"name\":\"Accueil\",\"item\":\"https:\/\/europeansecurity.eu\/\"},{\"@type\":\"ListItem\",\"position\":2,\"name\":\"Inspecteur Magasin &#8211; Retail\"}]},{\"@type\":\"WebSite\",\"@id\":\"https:\/\/europeansecurity.eu\/#website\",\"url\":\"https:\/\/europeansecurity.eu\/\",\"name\":\"European Security\",\"description\":\"Votre s\u00e9curit\u00e9 est notre priorit\u00e9 !\",\"publisher\":{\"@id\":\"https:\/\/europeansecurity.eu\/#organization\"},\"alternateName\":\"EPS\",\"potentialAction\":[{\"@type\":\"SearchAction\",\"target\":{\"@type\":\"EntryPoint\",\"urlTemplate\":\"https:\/\/europeansecurity.eu\/?s={search_term_string}\"},\"query-input\":{\"@type\":\"PropertyValueSpecification\",\"valueRequired\":true,\"valueName\":\"search_term_string\"}}],\"inLanguage\":\"en-GB\"},{\"@type\":\"Organization\",\"@id\":\"https:\/\/europeansecurity.eu\/#organization\",\"name\":\"European Security\",\"alternateName\":\"EPS\",\"url\":\"https:\/\/europeansecurity.eu\/\",\"logo\":{\"@type\":\"ImageObject\",\"inLanguage\":\"en-GB\",\"@id\":\"https:\/\/europeansecurity.eu\/#\/schema\/logo\/image\/\",\"url\":\"https:\/\/europeansecurity.eu\/wp-content\/uploads\/2022\/11\/Avis-1.jpg\",\"contentUrl\":\"https:\/\/europeansecurity.eu\/wp-content\/uploads\/2022\/11\/Avis-1.jpg\",\"width\":600,\"height\":600,\"caption\":\"European Security\"},\"image\":{\"@id\":\"https:\/\/europeansecurity.eu\/#\/schema\/logo\/image\/\"},\"sameAs\":[\"https:\/\/www.facebook.com\/profile.php?id=100045113027366\"],\"description\":\"European Security est une entreprise de s\u00e9curit\u00e9 priv\u00e9e bas\u00e9e \u00e0 Bruxelles, sp\u00e9cialis\u00e9e dans la surveillance statique, les rondes mobiles, le contr\u00f4le d\u2019acc\u00e8s, la protection rapproch\u00e9e arm\u00e9e et la s\u00e9curisation d\u2019\u00e9v\u00e9nements en Belgique, au Luxembourg et partout en Europe. Nos agents agr\u00e9\u00e9s assurent la protection 24\/7 de vos sites, commerces, ambassades, festivals et personnalit\u00e9s, avec des solutions de s\u00e9curit\u00e9 sur mesure alliant technologie, expertise et r\u00e9activit\u00e9. European Security \u2013 Soci\u00e9t\u00e9 de s\u00e9curit\u00e9 \u00e0 Bruxelles : gardiennage, protection arm\u00e9e, rondes mobiles et \u00e9v\u00e9nements 24\/7 en Belgique et en Europe.\",\"email\":\"info@europeansecurity.eu\",\"telephone\":\"080037227\",\"legalName\":\"EUROPEAN PRIVATE SECURITY\",\"vatID\":\"BE0549945656\",\"numberOfEmployees\":{\"@type\":\"QuantitativeValue\",\"minValue\":\"51\",\"maxValue\":\"200\"},\"publishingPrinciples\":\"https:\/\/europeansecurity.eu\/a-propos\/\"}]}<\/script>\n<!-- \/ Yoast SEO Premium plugin. -->","yoast_head_json":{"title":"Inspecteur Magasin - Retail | European Security","robots":{"index":"index","follow":"follow","max-snippet":"max-snippet:-1","max-image-preview":"max-image-preview:large","max-video-preview":"max-video-preview:-1"},"canonical":"https:\/\/europeansecurity.eu\/en\/inspecteur-magasin-retail\/","og_locale":"en_GB","og_type":"article","og_title":"Inspecteur Magasin - Retail","og_description":"INSPECTEUR MAGASIN - RETAIL\u00a0Nos inspecteurs magasin interviennent discr\u00e8tement pour pr\u00e9venir les vols et r\u00e9duire la d\u00e9marque inconnue dans les commerces et grandes surfaces. Form\u00e9s et agr\u00e9\u00e9s, ils d\u00e9tectent les comportements suspects et interviennent en flagrant d\u00e9lit dans le respect strict de la l\u00e9gislation belge. Une solution efficace et professionnelle pour prot\u00e9ger votre rentabilit\u00e9 et s\u00e9curiser [&hellip;]","og_url":"https:\/\/europeansecurity.eu\/en\/inspecteur-magasin-retail\/","og_site_name":"European Security","article_publisher":"https:\/\/www.facebook.com\/profile.php?id=100045113027366","article_modified_time":"2026-02-23T08:40:37+00:00","og_image":[{"width":1535,"height":493,"url":"https:\/\/europeansecurity.eu\/wp-content\/uploads\/2022\/11\/Logo.png","type":"image\/png"}],"twitter_card":"summary_large_image","twitter_misc":{"Estimated reading time":"6 minutes"},"schema":{"@context":"https:\/\/schema.org","@graph":[{"@type":"WebPage","@id":"https:\/\/europeansecurity.eu\/inspecteur-magasin-retail\/","url":"https:\/\/europeansecurity.eu\/inspecteur-magasin-retail\/","name":"Inspecteur Magasin - Retail | European Security","isPartOf":{"@id":"https:\/\/europeansecurity.eu\/#website"},"datePublished":"2026-02-16T18:43:45+00:00","dateModified":"2026-02-23T08:40:37+00:00","breadcrumb":{"@id":"https:\/\/europeansecurity.eu\/inspecteur-magasin-retail\/#breadcrumb"},"inLanguage":"en-GB","potentialAction":[{"@type":"ReadAction","target":["https:\/\/europeansecurity.eu\/inspecteur-magasin-retail\/"]}]},{"@type":"BreadcrumbList","@id":"https:\/\/europeansecurity.eu\/inspecteur-magasin-retail\/#breadcrumb","itemListElement":[{"@type":"ListItem","position":1,"name":"Accueil","item":"https:\/\/europeansecurity.eu\/"},{"@type":"ListItem","position":2,"name":"Inspecteur Magasin &#8211; Retail"}]},{"@type":"WebSite","@id":"https:\/\/europeansecurity.eu\/#website","url":"https:\/\/europeansecurity.eu\/","name":"European Security","description":"Votre s\u00e9curit\u00e9 est notre priorit\u00e9 !","publisher":{"@id":"https:\/\/europeansecurity.eu\/#organization"},"alternateName":"EPS","potentialAction":[{"@type":"SearchAction","target":{"@type":"EntryPoint","urlTemplate":"https:\/\/europeansecurity.eu\/?s={search_term_string}"},"query-input":{"@type":"PropertyValueSpecification","valueRequired":true,"valueName":"search_term_string"}}],"inLanguage":"en-GB"},{"@type":"Organization","@id":"https:\/\/europeansecurity.eu\/#organization","name":"European Security","alternateName":"EPS","url":"https:\/\/europeansecurity.eu\/","logo":{"@type":"ImageObject","inLanguage":"en-GB","@id":"https:\/\/europeansecurity.eu\/#\/schema\/logo\/image\/","url":"https:\/\/europeansecurity.eu\/wp-content\/uploads\/2022\/11\/Avis-1.jpg","contentUrl":"https:\/\/europeansecurity.eu\/wp-content\/uploads\/2022\/11\/Avis-1.jpg","width":600,"height":600,"caption":"European Security"},"image":{"@id":"https:\/\/europeansecurity.eu\/#\/schema\/logo\/image\/"},"sameAs":["https:\/\/www.facebook.com\/profile.php?id=100045113027366"],"description":"European Security est une entreprise de s\u00e9curit\u00e9 priv\u00e9e bas\u00e9e \u00e0 Bruxelles, sp\u00e9cialis\u00e9e dans la surveillance statique, les rondes mobiles, le contr\u00f4le d\u2019acc\u00e8s, la protection rapproch\u00e9e arm\u00e9e et la s\u00e9curisation d\u2019\u00e9v\u00e9nements en Belgique, au Luxembourg et partout en Europe. Nos agents agr\u00e9\u00e9s assurent la protection 24\/7 de vos sites, commerces, ambassades, festivals et personnalit\u00e9s, avec des solutions de s\u00e9curit\u00e9 sur mesure alliant technologie, expertise et r\u00e9activit\u00e9. European Security \u2013 Soci\u00e9t\u00e9 de s\u00e9curit\u00e9 \u00e0 Bruxelles : gardiennage, protection arm\u00e9e, rondes mobiles et \u00e9v\u00e9nements 24\/7 en Belgique et en Europe.","email":"info@europeansecurity.eu","telephone":"080037227","legalName":"EUROPEAN PRIVATE SECURITY","vatID":"BE0549945656","numberOfEmployees":{"@type":"QuantitativeValue","minValue":"51","maxValue":"200"},"publishingPrinciples":"https:\/\/europeansecurity.eu\/a-propos\/"}]}},"_links":{"self":[{"href":"https:\/\/europeansecurity.eu\/en\/wp-json\/wp\/v2\/pages\/7570","targetHints":{"allow":["GET"]}}],"collection":[{"href":"https:\/\/europeansecurity.eu\/en\/wp-json\/wp\/v2\/pages"}],"about":[{"href":"https:\/\/europeansecurity.eu\/en\/wp-json\/wp\/v2\/types\/page"}],"author":[{"embeddable":true,"href":"https:\/\/europeansecurity.eu\/en\/wp-json\/wp\/v2\/users\/1"}],"replies":[{"embeddable":true,"href":"https:\/\/europeansecurity.eu\/en\/wp-json\/wp\/v2\/comments?post=7570"}],"version-history":[{"count":9,"href":"https:\/\/europeansecurity.eu\/en\/wp-json\/wp\/v2\/pages\/7570\/revisions"}],"predecessor-version":[{"id":7803,"href":"https:\/\/europeansecurity.eu\/en\/wp-json\/wp\/v2\/pages\/7570\/revisions\/7803"}],"wp:attachment":[{"href":"https:\/\/europeansecurity.eu\/en\/wp-json\/wp\/v2\/media?parent=7570"}],"curies":[{"name":"wp","href":"https:\/\/api.w.org\/{rel}","templated":true}]}}