{"id":6268,"date":"2025-09-15T14:39:55","date_gmt":"2025-09-15T13:39:55","guid":{"rendered":"https:\/\/europeansecurity.eu\/garde-du-corps-arme\/"},"modified":"2025-09-19T14:17:36","modified_gmt":"2025-09-19T13:17:36","slug":"garde-du-corps-arme","status":"publish","type":"page","link":"https:\/\/europeansecurity.eu\/en\/garde-du-corps-arme\/","title":{"rendered":"Garde du corps arm\u00e9"},"content":{"rendered":"<p>Nos gardes du corps arm\u00e9s assurent la protection rapproch\u00e9e de personnalit\u00e9s et d\u2019\u00e9v\u00e9nements sensibles. Nos agents de s\u00e9curit\u00e9 arm\u00e9s sont form\u00e9s et certifi\u00e9s pour intervenir dans des missions de protection VIP, d\u2019escorte arm\u00e9e et de s\u00e9curit\u00e9 \u00e9v\u00e9nementielle. Contactez\u2011nous pour une solution de s\u00e9curit\u00e9 priv\u00e9e arm\u00e9e adapt\u00e9e \u00e0 vos besoins en Belgique, France et Luxembourg.<\/p>","protected":false},"excerpt":{"rendered":"<p>Nos gardes du corps arm\u00e9s assurent la protection rapproch\u00e9e de personnalit\u00e9s et d\u2019\u00e9v\u00e9nements sensibles. Nos agents de s\u00e9curit\u00e9 arm\u00e9s sont form\u00e9s et certifi\u00e9s pour intervenir dans des missions de protection VIP, d\u2019escorte arm\u00e9e et de s\u00e9curit\u00e9 \u00e9v\u00e9nementielle. Contactez\u2011nous pour une solution de s\u00e9curit\u00e9 priv\u00e9e arm\u00e9e adapt\u00e9e \u00e0 vos besoins en Belgique, France et Luxembourg.<\/p>","protected":false},"author":1,"featured_media":0,"parent":0,"menu_order":0,"comment_status":"closed","ping_status":"closed","template":"","meta":{"_et_pb_use_builder":"","_et_pb_old_content":"","_et_gb_content_width":"","footnotes":""},"class_list":["post-6268","page","type-page","status-publish","hentry"],"yoast_head":"<!-- This site is optimized with the Yoast SEO Premium plugin v26.9 (Yoast SEO v26.9) - https:\/\/yoast.com\/product\/yoast-seo-premium-wordpress\/ -->\n<title>Garde du corps arm\u00e9 \u2013 Protection rapproch\u00e9e | European Security<\/title>\n<meta name=\"description\" content=\"Services de garde du corps arm\u00e9 et protection rapproch\u00e9e pour vos missions VIP en Belgique, France et Luxembourg. Agents de s\u00e9curit\u00e9 arm\u00e9s certifi\u00e9s.\" \/>\n<meta name=\"robots\" content=\"index, follow, max-snippet:-1, max-image-preview:large, max-video-preview:-1\" \/>\n<link rel=\"canonical\" href=\"https:\/\/europeansecurity.eu\/en\/garde-du-corps-arme\/\" \/>\n<meta property=\"og:locale\" content=\"en_GB\" \/>\n<meta property=\"og:type\" content=\"article\" \/>\n<meta property=\"og:title\" content=\"Garde du corps arm\u00e9\" \/>\n<meta property=\"og:description\" content=\"Services de garde du corps arm\u00e9 et protection rapproch\u00e9e pour vos missions VIP en Belgique, France et Luxembourg. Agents de s\u00e9curit\u00e9 arm\u00e9s certifi\u00e9s.\" \/>\n<meta property=\"og:url\" content=\"https:\/\/europeansecurity.eu\/en\/garde-du-corps-arme\/\" \/>\n<meta property=\"og:site_name\" content=\"European Security\" \/>\n<meta property=\"article:publisher\" content=\"https:\/\/www.facebook.com\/profile.php?id=100045113027366\" \/>\n<meta property=\"article:modified_time\" content=\"2025-09-19T13:17:36+00:00\" \/>\n<meta property=\"og:image\" content=\"https:\/\/europeansecurity.eu\/wp-content\/uploads\/2022\/11\/Logo.png\" \/>\n\t<meta property=\"og:image:width\" content=\"1535\" \/>\n\t<meta property=\"og:image:height\" content=\"493\" \/>\n\t<meta property=\"og:image:type\" content=\"image\/png\" \/>\n<meta name=\"twitter:card\" content=\"summary_large_image\" \/>\n<script type=\"application\/ld+json\" class=\"yoast-schema-graph\">{\"@context\":\"https:\/\/schema.org\",\"@graph\":[{\"@type\":\"WebPage\",\"@id\":\"https:\/\/europeansecurity.eu\/en\/garde-du-corps-arme\/\",\"url\":\"https:\/\/europeansecurity.eu\/en\/garde-du-corps-arme\/\",\"name\":\"Garde du corps arm\u00e9 \u2013 Protection rapproch\u00e9e | European Security\",\"isPartOf\":{\"@id\":\"https:\/\/europeansecurity.eu\/#website\"},\"datePublished\":\"2025-09-15T13:39:55+00:00\",\"dateModified\":\"2025-09-19T13:17:36+00:00\",\"description\":\"Services de garde du corps arm\u00e9 et protection rapproch\u00e9e pour vos missions VIP en Belgique, France et Luxembourg. Agents de s\u00e9curit\u00e9 arm\u00e9s certifi\u00e9s.\",\"breadcrumb\":{\"@id\":\"https:\/\/europeansecurity.eu\/en\/garde-du-corps-arme\/#breadcrumb\"},\"inLanguage\":\"en-GB\",\"potentialAction\":[{\"@type\":\"ReadAction\",\"target\":[\"https:\/\/europeansecurity.eu\/en\/garde-du-corps-arme\/\"]}]},{\"@type\":\"BreadcrumbList\",\"@id\":\"https:\/\/europeansecurity.eu\/en\/garde-du-corps-arme\/#breadcrumb\",\"itemListElement\":[{\"@type\":\"ListItem\",\"position\":1,\"name\":\"Accueil\",\"item\":\"https:\/\/europeansecurity.eu\/\"},{\"@type\":\"ListItem\",\"position\":2,\"name\":\"Garde du corps arm\u00e9\"}]},{\"@type\":\"WebSite\",\"@id\":\"https:\/\/europeansecurity.eu\/#website\",\"url\":\"https:\/\/europeansecurity.eu\/\",\"name\":\"European Security\",\"description\":\"Votre s\u00e9curit\u00e9 est notre priorit\u00e9 !\",\"publisher\":{\"@id\":\"https:\/\/europeansecurity.eu\/#organization\"},\"alternateName\":\"EPS\",\"potentialAction\":[{\"@type\":\"SearchAction\",\"target\":{\"@type\":\"EntryPoint\",\"urlTemplate\":\"https:\/\/europeansecurity.eu\/?s={search_term_string}\"},\"query-input\":{\"@type\":\"PropertyValueSpecification\",\"valueRequired\":true,\"valueName\":\"search_term_string\"}}],\"inLanguage\":\"en-GB\"},{\"@type\":\"Organization\",\"@id\":\"https:\/\/europeansecurity.eu\/#organization\",\"name\":\"European Security\",\"alternateName\":\"EPS\",\"url\":\"https:\/\/europeansecurity.eu\/\",\"logo\":{\"@type\":\"ImageObject\",\"inLanguage\":\"en-GB\",\"@id\":\"https:\/\/europeansecurity.eu\/#\/schema\/logo\/image\/\",\"url\":\"https:\/\/europeansecurity.eu\/wp-content\/uploads\/2022\/11\/Avis-1.jpg\",\"contentUrl\":\"https:\/\/europeansecurity.eu\/wp-content\/uploads\/2022\/11\/Avis-1.jpg\",\"width\":600,\"height\":600,\"caption\":\"European Security\"},\"image\":{\"@id\":\"https:\/\/europeansecurity.eu\/#\/schema\/logo\/image\/\"},\"sameAs\":[\"https:\/\/www.facebook.com\/profile.php?id=100045113027366\"],\"description\":\"European Security est une entreprise de s\u00e9curit\u00e9 priv\u00e9e bas\u00e9e \u00e0 Bruxelles, sp\u00e9cialis\u00e9e dans la surveillance statique, les rondes mobiles, le contr\u00f4le d\u2019acc\u00e8s, la protection rapproch\u00e9e arm\u00e9e et la s\u00e9curisation d\u2019\u00e9v\u00e9nements en Belgique, au Luxembourg et partout en Europe. Nos agents agr\u00e9\u00e9s assurent la protection 24\/7 de vos sites, commerces, ambassades, festivals et personnalit\u00e9s, avec des solutions de s\u00e9curit\u00e9 sur mesure alliant technologie, expertise et r\u00e9activit\u00e9. European Security \u2013 Soci\u00e9t\u00e9 de s\u00e9curit\u00e9 \u00e0 Bruxelles : gardiennage, protection arm\u00e9e, rondes mobiles et \u00e9v\u00e9nements 24\/7 en Belgique et en Europe.\",\"email\":\"info@europeansecurity.eu\",\"telephone\":\"080037227\",\"legalName\":\"EUROPEAN PRIVATE SECURITY\",\"vatID\":\"BE0549945656\",\"numberOfEmployees\":{\"@type\":\"QuantitativeValue\",\"minValue\":\"51\",\"maxValue\":\"200\"},\"publishingPrinciples\":\"https:\/\/europeansecurity.eu\/a-propos\/\"}]}<\/script>\n<!-- \/ Yoast SEO Premium plugin. -->","yoast_head_json":{"title":"Garde du corps arm\u00e9 \u2013 Protection rapproch\u00e9e | European Security","description":"Services de garde du corps arm\u00e9 et protection rapproch\u00e9e pour vos missions VIP en Belgique, France et Luxembourg. Agents de s\u00e9curit\u00e9 arm\u00e9s certifi\u00e9s.","robots":{"index":"index","follow":"follow","max-snippet":"max-snippet:-1","max-image-preview":"max-image-preview:large","max-video-preview":"max-video-preview:-1"},"canonical":"https:\/\/europeansecurity.eu\/en\/garde-du-corps-arme\/","og_locale":"en_GB","og_type":"article","og_title":"Garde du corps arm\u00e9","og_description":"Services de garde du corps arm\u00e9 et protection rapproch\u00e9e pour vos missions VIP en Belgique, France et Luxembourg. Agents de s\u00e9curit\u00e9 arm\u00e9s certifi\u00e9s.","og_url":"https:\/\/europeansecurity.eu\/en\/garde-du-corps-arme\/","og_site_name":"European Security","article_publisher":"https:\/\/www.facebook.com\/profile.php?id=100045113027366","article_modified_time":"2025-09-19T13:17:36+00:00","og_image":[{"width":1535,"height":493,"url":"https:\/\/europeansecurity.eu\/wp-content\/uploads\/2022\/11\/Logo.png","type":"image\/png"}],"twitter_card":"summary_large_image","schema":{"@context":"https:\/\/schema.org","@graph":[{"@type":"WebPage","@id":"https:\/\/europeansecurity.eu\/en\/garde-du-corps-arme\/","url":"https:\/\/europeansecurity.eu\/en\/garde-du-corps-arme\/","name":"Garde du corps arm\u00e9 \u2013 Protection rapproch\u00e9e | European Security","isPartOf":{"@id":"https:\/\/europeansecurity.eu\/#website"},"datePublished":"2025-09-15T13:39:55+00:00","dateModified":"2025-09-19T13:17:36+00:00","description":"Services de garde du corps arm\u00e9 et protection rapproch\u00e9e pour vos missions VIP en Belgique, France et Luxembourg. Agents de s\u00e9curit\u00e9 arm\u00e9s certifi\u00e9s.","breadcrumb":{"@id":"https:\/\/europeansecurity.eu\/en\/garde-du-corps-arme\/#breadcrumb"},"inLanguage":"en-GB","potentialAction":[{"@type":"ReadAction","target":["https:\/\/europeansecurity.eu\/en\/garde-du-corps-arme\/"]}]},{"@type":"BreadcrumbList","@id":"https:\/\/europeansecurity.eu\/en\/garde-du-corps-arme\/#breadcrumb","itemListElement":[{"@type":"ListItem","position":1,"name":"Accueil","item":"https:\/\/europeansecurity.eu\/"},{"@type":"ListItem","position":2,"name":"Garde du corps arm\u00e9"}]},{"@type":"WebSite","@id":"https:\/\/europeansecurity.eu\/#website","url":"https:\/\/europeansecurity.eu\/","name":"European Security","description":"Votre s\u00e9curit\u00e9 est notre priorit\u00e9 !","publisher":{"@id":"https:\/\/europeansecurity.eu\/#organization"},"alternateName":"EPS","potentialAction":[{"@type":"SearchAction","target":{"@type":"EntryPoint","urlTemplate":"https:\/\/europeansecurity.eu\/?s={search_term_string}"},"query-input":{"@type":"PropertyValueSpecification","valueRequired":true,"valueName":"search_term_string"}}],"inLanguage":"en-GB"},{"@type":"Organization","@id":"https:\/\/europeansecurity.eu\/#organization","name":"European Security","alternateName":"EPS","url":"https:\/\/europeansecurity.eu\/","logo":{"@type":"ImageObject","inLanguage":"en-GB","@id":"https:\/\/europeansecurity.eu\/#\/schema\/logo\/image\/","url":"https:\/\/europeansecurity.eu\/wp-content\/uploads\/2022\/11\/Avis-1.jpg","contentUrl":"https:\/\/europeansecurity.eu\/wp-content\/uploads\/2022\/11\/Avis-1.jpg","width":600,"height":600,"caption":"European Security"},"image":{"@id":"https:\/\/europeansecurity.eu\/#\/schema\/logo\/image\/"},"sameAs":["https:\/\/www.facebook.com\/profile.php?id=100045113027366"],"description":"European Security est une entreprise de s\u00e9curit\u00e9 priv\u00e9e bas\u00e9e \u00e0 Bruxelles, sp\u00e9cialis\u00e9e dans la surveillance statique, les rondes mobiles, le contr\u00f4le d\u2019acc\u00e8s, la protection rapproch\u00e9e arm\u00e9e et la s\u00e9curisation d\u2019\u00e9v\u00e9nements en Belgique, au Luxembourg et partout en Europe. Nos agents agr\u00e9\u00e9s assurent la protection 24\/7 de vos sites, commerces, ambassades, festivals et personnalit\u00e9s, avec des solutions de s\u00e9curit\u00e9 sur mesure alliant technologie, expertise et r\u00e9activit\u00e9. European Security \u2013 Soci\u00e9t\u00e9 de s\u00e9curit\u00e9 \u00e0 Bruxelles : gardiennage, protection arm\u00e9e, rondes mobiles et \u00e9v\u00e9nements 24\/7 en Belgique et en Europe.","email":"info@europeansecurity.eu","telephone":"080037227","legalName":"EUROPEAN PRIVATE SECURITY","vatID":"BE0549945656","numberOfEmployees":{"@type":"QuantitativeValue","minValue":"51","maxValue":"200"},"publishingPrinciples":"https:\/\/europeansecurity.eu\/a-propos\/"}]}},"_links":{"self":[{"href":"https:\/\/europeansecurity.eu\/en\/wp-json\/wp\/v2\/pages\/6268","targetHints":{"allow":["GET"]}}],"collection":[{"href":"https:\/\/europeansecurity.eu\/en\/wp-json\/wp\/v2\/pages"}],"about":[{"href":"https:\/\/europeansecurity.eu\/en\/wp-json\/wp\/v2\/types\/page"}],"author":[{"embeddable":true,"href":"https:\/\/europeansecurity.eu\/en\/wp-json\/wp\/v2\/users\/1"}],"replies":[{"embeddable":true,"href":"https:\/\/europeansecurity.eu\/en\/wp-json\/wp\/v2\/comments?post=6268"}],"version-history":[{"count":1,"href":"https:\/\/europeansecurity.eu\/en\/wp-json\/wp\/v2\/pages\/6268\/revisions"}],"predecessor-version":[{"id":6269,"href":"https:\/\/europeansecurity.eu\/en\/wp-json\/wp\/v2\/pages\/6268\/revisions\/6269"}],"wp:attachment":[{"href":"https:\/\/europeansecurity.eu\/en\/wp-json\/wp\/v2\/media?parent=6268"}],"curies":[{"name":"wp","href":"https:\/\/api.w.org\/{rel}","templated":true}]}}