{"id":6136,"date":"2022-11-30T09:35:10","date_gmt":"2022-11-30T08:35:10","guid":{"rendered":"https:\/\/europeansecurity.eu\/?page_id=6136"},"modified":"2025-12-13T09:28:30","modified_gmt":"2025-12-13T08:28:30","slug":"formulaire-de-plaintes","status":"publish","type":"page","link":"https:\/\/europeansecurity.eu\/en\/formulaire-de-plaintes\/","title":{"rendered":"Formulaire de plaintes"},"content":{"rendered":"\t\t<div data-elementor-type=\"wp-page\" data-elementor-id=\"6136\" class=\"elementor elementor-6136\">\n\t\t\t\t\t\t<section class=\"elementor-section elementor-top-section elementor-element elementor-element-c6ac9e8 elementor-section-boxed elementor-section-height-default elementor-section-height-default\" data-id=\"c6ac9e8\" data-element_type=\"section\" data-e-type=\"section\">\n\t\t\t\t\t\t<div class=\"elementor-container elementor-column-gap-default\">\n\t\t\t\t\t<div class=\"elementor-column elementor-col-50 elementor-top-column elementor-element elementor-element-5ccc47e\" data-id=\"5ccc47e\" data-element_type=\"column\" data-e-type=\"column\">\n\t\t\t<div class=\"elementor-widget-wrap elementor-element-populated\">\n\t\t\t\t\t\t<div class=\"elementor-element elementor-element-02e43a6 elementor-widget elementor-widget-heading\" data-id=\"02e43a6\" data-element_type=\"widget\" data-e-type=\"widget\" data-widget_type=\"heading.default\">\n\t\t\t\t<div class=\"elementor-widget-container\">\n\t\t\t\t\t<h2 class=\"elementor-heading-title elementor-size-default\">Formulaire de plaintes<\/h2>\t\t\t\t<\/div>\n\t\t\t\t<\/div>\n\t\t\t\t\t<\/div>\n\t\t<\/div>\n\t\t\t\t<div class=\"elementor-column elementor-col-50 elementor-top-column elementor-element elementor-element-b42a008\" data-id=\"b42a008\" data-element_type=\"column\" data-e-type=\"column\">\n\t\t\t<div class=\"elementor-widget-wrap elementor-element-populated\">\n\t\t\t\t\t\t<div class=\"elementor-element elementor-element-1a4acc6 elementor-widget elementor-widget-wpforms\" data-id=\"1a4acc6\" data-element_type=\"widget\" data-e-type=\"widget\" data-widget_type=\"wpforms.default\">\n\t\t\t\t<div class=\"elementor-widget-container\">\n\t\t\t\t\t<div class=\"wpforms-container wpforms-container-full\" id=\"wpforms-1455\"><form id=\"wpforms-form-1455\" class=\"wpforms-validate wpforms-form\" data-formid=\"1455\" method=\"post\" enctype=\"multipart\/form-data\" action=\"\/en\/wp-json\/wp\/v2\/pages\/6136\" data-token=\"113e690e64daaf649346e9e3a8f4e655\" data-token-time=\"1778506735\"><noscript class=\"wpforms-error-noscript\">Please enable JavaScript in your browser to complete this form.<\/noscript><div class=\"wpforms-field-container\"><div id=\"wpforms-1455-field_0-container\" class=\"wpforms-field wpforms-field-name\" data-field-type=\"name\" data-field-id=\"0\"><label class=\"wpforms-field-label\">Nom <span class=\"wpforms-required-label\">*<\/span><\/label><div class=\"wpforms-field-row wpforms-field-large\"><div class=\"wpforms-field-row-block wpforms-first wpforms-one-half\"><input type=\"text\" id=\"wpforms-1455-field_0\" class=\"wpforms-field-name-first wpforms-field-required\" name=\"wpforms[fields][0][first]\" required><label for=\"wpforms-1455-field_0\" class=\"wpforms-field-sublabel after\">First<\/label><\/div><div class=\"wpforms-field-row-block wpforms-one-half\"><input type=\"text\" id=\"wpforms-1455-field_0-last\" class=\"wpforms-field-name-last wpforms-field-required\" name=\"wpforms[fields][0][last]\" required><label for=\"wpforms-1455-field_0-last\" class=\"wpforms-field-sublabel after\">Last<\/label><\/div><\/div><\/div><div id=\"wpforms-1455-field_1-container\" class=\"wpforms-field wpforms-field-email\" data-field-type=\"email\" data-field-id=\"1\"><label class=\"wpforms-field-label\" for=\"wpforms-1455-field_1\">Email <span class=\"wpforms-required-label\">*<\/span><\/label><input type=\"email\" id=\"wpforms-1455-field_1\" class=\"wpforms-field-large wpforms-field-required\" name=\"wpforms[fields][1]\" spellcheck=\"false\" required><\/div><div id=\"wpforms-1455-field_3-container\" class=\"wpforms-field wpforms-field-text\" data-field-type=\"text\" data-field-id=\"3\"><label class=\"wpforms-field-label\" for=\"wpforms-1455-field_3\">T\u00e9l\u00e9phone <span class=\"wpforms-required-label\">*<\/span><\/label><input type=\"text\" id=\"wpforms-1455-field_3\" class=\"wpforms-field-large wpforms-field-required\" name=\"wpforms[fields][3]\" required><\/div><div id=\"wpforms-1455-field_2-container\" class=\"wpforms-field wpforms-field-textarea\" data-field-type=\"textarea\" data-field-id=\"2\"><label class=\"wpforms-field-label\" for=\"wpforms-1455-field_2\">Message <span class=\"wpforms-required-label\">*<\/span><\/label><textarea id=\"wpforms-1455-field_2\" class=\"wpforms-field-medium wpforms-field-required\" name=\"wpforms[fields][2]\" required><\/textarea><\/div><\/div><!-- .wpforms-field-container --><div class=\"wpforms-field wpforms-field-hp\"><label for=\"wpforms-1455-field-hp\" class=\"wpforms-field-label\">Phone<\/label><input type=\"text\" name=\"wpforms[hp]\" id=\"wpforms-1455-field-hp\" class=\"wpforms-field-medium\"><\/div><div class=\"wpforms-submit-container\" ><input type=\"hidden\" name=\"wpforms[id]\" value=\"1455\"><input type=\"hidden\" name=\"page_title\" value=\"\"><input type=\"hidden\" name=\"page_url\" value=\"https:\/\/europeansecurity.eu\/en\/wp-json\/wp\/v2\/pages\/6136\"><input type=\"hidden\" name=\"url_referer\" value=\"\"><button type=\"submit\" name=\"wpforms[submit]\" id=\"wpforms-submit-1455\" class=\"wpforms-submit\" data-alt-text=\"Envoi en cours...\" data-submit-text=\"Soumettre\" aria-live=\"assertive\" value=\"wpforms-submit\">Soumettre<\/button><\/div><\/form><\/div>  <!-- .wpforms-container -->\t\t\t\t<\/div>\n\t\t\t\t<\/div>\n\t\t\t\t\t<\/div>\n\t\t<\/div>\n\t\t\t\t\t<\/div>\n\t\t<\/section>\n\t\t\t\t<\/div>\n\t\t","protected":false},"excerpt":{"rendered":"<p>Formulaire de plaintes Veuillez activer JavaScript dans votre navigateur pour remplir ce formulaire.Nom *Pr\u00e9nomNomEmail *T\u00e9l\u00e9phone *Message *Website Soumettre<\/p>","protected":false},"author":1,"featured_media":0,"parent":0,"menu_order":0,"comment_status":"closed","ping_status":"closed","template":"","meta":{"_et_pb_use_builder":"","_et_pb_old_content":"","_et_gb_content_width":"","footnotes":""},"class_list":["post-6136","page","type-page","status-publish","hentry"],"yoast_head":"<!-- This site is optimized with the Yoast SEO Premium plugin v26.9 (Yoast SEO v26.9) - https:\/\/yoast.com\/product\/yoast-seo-premium-wordpress\/ -->\n<title>Formulaire de plaintes \u2013 Service client\u00e8le | European Security<\/title>\n<meta name=\"description\" content=\"Utilisez notre formulaire de plaintes pour signaler un incident ou une insatisfaction concernant nos services. Nous traiterons votre demande rapidement et professionnellement.\" \/>\n<meta name=\"robots\" content=\"index, follow, max-snippet:-1, max-image-preview:large, max-video-preview:-1\" \/>\n<link rel=\"canonical\" href=\"https:\/\/europeansecurity.eu\/en\/formulaire-de-plaintes\/\" \/>\n<meta property=\"og:locale\" content=\"en_GB\" \/>\n<meta property=\"og:type\" content=\"article\" \/>\n<meta property=\"og:title\" content=\"Formulaire de plaintes\" \/>\n<meta property=\"og:description\" content=\"Utilisez notre formulaire de plaintes pour signaler un incident ou une insatisfaction concernant nos services. Nous traiterons votre demande rapidement et professionnellement.\" \/>\n<meta property=\"og:url\" content=\"https:\/\/europeansecurity.eu\/en\/formulaire-de-plaintes\/\" \/>\n<meta property=\"og:site_name\" content=\"European Security\" \/>\n<meta property=\"article:publisher\" content=\"https:\/\/www.facebook.com\/profile.php?id=100045113027366\" \/>\n<meta property=\"article:modified_time\" content=\"2025-12-13T08:28:30+00:00\" \/>\n<meta property=\"og:image\" content=\"https:\/\/europeansecurity.eu\/wp-content\/uploads\/2022\/11\/Logo.png\" \/>\n\t<meta property=\"og:image:width\" content=\"1535\" \/>\n\t<meta property=\"og:image:height\" content=\"493\" \/>\n\t<meta property=\"og:image:type\" content=\"image\/png\" \/>\n<meta name=\"twitter:card\" content=\"summary_large_image\" \/>\n<meta name=\"twitter:label1\" content=\"Estimated reading time\" \/>\n\t<meta name=\"twitter:data1\" content=\"1 minute\" \/>\n<script type=\"application\/ld+json\" class=\"yoast-schema-graph\">{\"@context\":\"https:\/\/schema.org\",\"@graph\":[{\"@type\":\"WebPage\",\"@id\":\"https:\/\/europeansecurity.eu\/formulaire-de-plaintes\/\",\"url\":\"https:\/\/europeansecurity.eu\/formulaire-de-plaintes\/\",\"name\":\"Formulaire de plaintes \u2013 Service client\u00e8le | European Security\",\"isPartOf\":{\"@id\":\"https:\/\/europeansecurity.eu\/#website\"},\"datePublished\":\"2022-11-30T08:35:10+00:00\",\"dateModified\":\"2025-12-13T08:28:30+00:00\",\"description\":\"Utilisez notre formulaire de plaintes pour signaler un incident ou une insatisfaction concernant nos services. Nous traiterons votre demande rapidement et professionnellement.\",\"breadcrumb\":{\"@id\":\"https:\/\/europeansecurity.eu\/formulaire-de-plaintes\/#breadcrumb\"},\"inLanguage\":\"en-GB\",\"potentialAction\":[{\"@type\":\"ReadAction\",\"target\":[\"https:\/\/europeansecurity.eu\/formulaire-de-plaintes\/\"]}]},{\"@type\":\"BreadcrumbList\",\"@id\":\"https:\/\/europeansecurity.eu\/formulaire-de-plaintes\/#breadcrumb\",\"itemListElement\":[{\"@type\":\"ListItem\",\"position\":1,\"name\":\"Accueil\",\"item\":\"https:\/\/europeansecurity.eu\/\"},{\"@type\":\"ListItem\",\"position\":2,\"name\":\"Formulaire de plaintes\"}]},{\"@type\":\"WebSite\",\"@id\":\"https:\/\/europeansecurity.eu\/#website\",\"url\":\"https:\/\/europeansecurity.eu\/\",\"name\":\"European Security\",\"description\":\"Votre s\u00e9curit\u00e9 est notre priorit\u00e9 !\",\"publisher\":{\"@id\":\"https:\/\/europeansecurity.eu\/#organization\"},\"alternateName\":\"EPS\",\"potentialAction\":[{\"@type\":\"SearchAction\",\"target\":{\"@type\":\"EntryPoint\",\"urlTemplate\":\"https:\/\/europeansecurity.eu\/?s={search_term_string}\"},\"query-input\":{\"@type\":\"PropertyValueSpecification\",\"valueRequired\":true,\"valueName\":\"search_term_string\"}}],\"inLanguage\":\"en-GB\"},{\"@type\":\"Organization\",\"@id\":\"https:\/\/europeansecurity.eu\/#organization\",\"name\":\"European Security\",\"alternateName\":\"EPS\",\"url\":\"https:\/\/europeansecurity.eu\/\",\"logo\":{\"@type\":\"ImageObject\",\"inLanguage\":\"en-GB\",\"@id\":\"https:\/\/europeansecurity.eu\/#\/schema\/logo\/image\/\",\"url\":\"https:\/\/europeansecurity.eu\/wp-content\/uploads\/2022\/11\/Avis-1.jpg\",\"contentUrl\":\"https:\/\/europeansecurity.eu\/wp-content\/uploads\/2022\/11\/Avis-1.jpg\",\"width\":600,\"height\":600,\"caption\":\"European Security\"},\"image\":{\"@id\":\"https:\/\/europeansecurity.eu\/#\/schema\/logo\/image\/\"},\"sameAs\":[\"https:\/\/www.facebook.com\/profile.php?id=100045113027366\"],\"description\":\"European Security est une entreprise de s\u00e9curit\u00e9 priv\u00e9e bas\u00e9e \u00e0 Bruxelles, sp\u00e9cialis\u00e9e dans la surveillance statique, les rondes mobiles, le contr\u00f4le d\u2019acc\u00e8s, la protection rapproch\u00e9e arm\u00e9e et la s\u00e9curisation d\u2019\u00e9v\u00e9nements en Belgique, au Luxembourg et partout en Europe. Nos agents agr\u00e9\u00e9s assurent la protection 24\/7 de vos sites, commerces, ambassades, festivals et personnalit\u00e9s, avec des solutions de s\u00e9curit\u00e9 sur mesure alliant technologie, expertise et r\u00e9activit\u00e9. European Security \u2013 Soci\u00e9t\u00e9 de s\u00e9curit\u00e9 \u00e0 Bruxelles : gardiennage, protection arm\u00e9e, rondes mobiles et \u00e9v\u00e9nements 24\/7 en Belgique et en Europe.\",\"email\":\"info@europeansecurity.eu\",\"telephone\":\"080037227\",\"legalName\":\"EUROPEAN PRIVATE SECURITY\",\"vatID\":\"BE0549945656\",\"numberOfEmployees\":{\"@type\":\"QuantitativeValue\",\"minValue\":\"51\",\"maxValue\":\"200\"},\"publishingPrinciples\":\"https:\/\/europeansecurity.eu\/a-propos\/\"}]}<\/script>\n<!-- \/ Yoast SEO Premium plugin. -->","yoast_head_json":{"title":"Formulaire de plaintes \u2013 Service client\u00e8le | European Security","description":"Utilisez notre formulaire de plaintes pour signaler un incident ou une insatisfaction concernant nos services. Nous traiterons votre demande rapidement et professionnellement.","robots":{"index":"index","follow":"follow","max-snippet":"max-snippet:-1","max-image-preview":"max-image-preview:large","max-video-preview":"max-video-preview:-1"},"canonical":"https:\/\/europeansecurity.eu\/en\/formulaire-de-plaintes\/","og_locale":"en_GB","og_type":"article","og_title":"Formulaire de plaintes","og_description":"Utilisez notre formulaire de plaintes pour signaler un incident ou une insatisfaction concernant nos services. Nous traiterons votre demande rapidement et professionnellement.","og_url":"https:\/\/europeansecurity.eu\/en\/formulaire-de-plaintes\/","og_site_name":"European Security","article_publisher":"https:\/\/www.facebook.com\/profile.php?id=100045113027366","article_modified_time":"2025-12-13T08:28:30+00:00","og_image":[{"width":1535,"height":493,"url":"https:\/\/europeansecurity.eu\/wp-content\/uploads\/2022\/11\/Logo.png","type":"image\/png"}],"twitter_card":"summary_large_image","twitter_misc":{"Estimated reading time":"1 minute"},"schema":{"@context":"https:\/\/schema.org","@graph":[{"@type":"WebPage","@id":"https:\/\/europeansecurity.eu\/formulaire-de-plaintes\/","url":"https:\/\/europeansecurity.eu\/formulaire-de-plaintes\/","name":"Formulaire de plaintes \u2013 Service client\u00e8le | European Security","isPartOf":{"@id":"https:\/\/europeansecurity.eu\/#website"},"datePublished":"2022-11-30T08:35:10+00:00","dateModified":"2025-12-13T08:28:30+00:00","description":"Utilisez notre formulaire de plaintes pour signaler un incident ou une insatisfaction concernant nos services. Nous traiterons votre demande rapidement et professionnellement.","breadcrumb":{"@id":"https:\/\/europeansecurity.eu\/formulaire-de-plaintes\/#breadcrumb"},"inLanguage":"en-GB","potentialAction":[{"@type":"ReadAction","target":["https:\/\/europeansecurity.eu\/formulaire-de-plaintes\/"]}]},{"@type":"BreadcrumbList","@id":"https:\/\/europeansecurity.eu\/formulaire-de-plaintes\/#breadcrumb","itemListElement":[{"@type":"ListItem","position":1,"name":"Accueil","item":"https:\/\/europeansecurity.eu\/"},{"@type":"ListItem","position":2,"name":"Formulaire de plaintes"}]},{"@type":"WebSite","@id":"https:\/\/europeansecurity.eu\/#website","url":"https:\/\/europeansecurity.eu\/","name":"European Security","description":"Votre s\u00e9curit\u00e9 est notre priorit\u00e9 !","publisher":{"@id":"https:\/\/europeansecurity.eu\/#organization"},"alternateName":"EPS","potentialAction":[{"@type":"SearchAction","target":{"@type":"EntryPoint","urlTemplate":"https:\/\/europeansecurity.eu\/?s={search_term_string}"},"query-input":{"@type":"PropertyValueSpecification","valueRequired":true,"valueName":"search_term_string"}}],"inLanguage":"en-GB"},{"@type":"Organization","@id":"https:\/\/europeansecurity.eu\/#organization","name":"European Security","alternateName":"EPS","url":"https:\/\/europeansecurity.eu\/","logo":{"@type":"ImageObject","inLanguage":"en-GB","@id":"https:\/\/europeansecurity.eu\/#\/schema\/logo\/image\/","url":"https:\/\/europeansecurity.eu\/wp-content\/uploads\/2022\/11\/Avis-1.jpg","contentUrl":"https:\/\/europeansecurity.eu\/wp-content\/uploads\/2022\/11\/Avis-1.jpg","width":600,"height":600,"caption":"European Security"},"image":{"@id":"https:\/\/europeansecurity.eu\/#\/schema\/logo\/image\/"},"sameAs":["https:\/\/www.facebook.com\/profile.php?id=100045113027366"],"description":"European Security est une entreprise de s\u00e9curit\u00e9 priv\u00e9e bas\u00e9e \u00e0 Bruxelles, sp\u00e9cialis\u00e9e dans la surveillance statique, les rondes mobiles, le contr\u00f4le d\u2019acc\u00e8s, la protection rapproch\u00e9e arm\u00e9e et la s\u00e9curisation d\u2019\u00e9v\u00e9nements en Belgique, au Luxembourg et partout en Europe. Nos agents agr\u00e9\u00e9s assurent la protection 24\/7 de vos sites, commerces, ambassades, festivals et personnalit\u00e9s, avec des solutions de s\u00e9curit\u00e9 sur mesure alliant technologie, expertise et r\u00e9activit\u00e9. European Security \u2013 Soci\u00e9t\u00e9 de s\u00e9curit\u00e9 \u00e0 Bruxelles : gardiennage, protection arm\u00e9e, rondes mobiles et \u00e9v\u00e9nements 24\/7 en Belgique et en Europe.","email":"info@europeansecurity.eu","telephone":"080037227","legalName":"EUROPEAN PRIVATE SECURITY","vatID":"BE0549945656","numberOfEmployees":{"@type":"QuantitativeValue","minValue":"51","maxValue":"200"},"publishingPrinciples":"https:\/\/europeansecurity.eu\/a-propos\/"}]}},"_links":{"self":[{"href":"https:\/\/europeansecurity.eu\/en\/wp-json\/wp\/v2\/pages\/6136","targetHints":{"allow":["GET"]}}],"collection":[{"href":"https:\/\/europeansecurity.eu\/en\/wp-json\/wp\/v2\/pages"}],"about":[{"href":"https:\/\/europeansecurity.eu\/en\/wp-json\/wp\/v2\/types\/page"}],"author":[{"embeddable":true,"href":"https:\/\/europeansecurity.eu\/en\/wp-json\/wp\/v2\/users\/1"}],"replies":[{"embeddable":true,"href":"https:\/\/europeansecurity.eu\/en\/wp-json\/wp\/v2\/comments?post=6136"}],"version-history":[{"count":7,"href":"https:\/\/europeansecurity.eu\/en\/wp-json\/wp\/v2\/pages\/6136\/revisions"}],"predecessor-version":[{"id":7023,"href":"https:\/\/europeansecurity.eu\/en\/wp-json\/wp\/v2\/pages\/6136\/revisions\/7023"}],"wp:attachment":[{"href":"https:\/\/europeansecurity.eu\/en\/wp-json\/wp\/v2\/media?parent=6136"}],"curies":[{"name":"wp","href":"https:\/\/api.w.org\/{rel}","templated":true}]}}