{"id":5924,"date":"2021-08-10T03:43:57","date_gmt":"2021-08-10T02:43:57","guid":{"rendered":"https:\/\/europeansecurity.eu\/gallery\/"},"modified":"2022-11-17T17:03:34","modified_gmt":"2022-11-17T17:03:34","slug":"gallery","status":"publish","type":"page","link":"https:\/\/europeansecurity.eu\/en\/gallery\/","title":{"rendered":"Gallery"},"content":{"rendered":"<div data-elementor-type=\"wp-page\" data-elementor-id=\"5924\" class=\"elementor elementor-5924\">\n\t\t\t\t\t\t<section class=\"elementor-section elementor-top-section elementor-element elementor-element-da5ab47 elementor-section-boxed elementor-section-height-default elementor-section-height-default\" data-id=\"da5ab47\" data-element_type=\"section\" data-e-type=\"section\" data-settings=\"{&quot;background_background&quot;:&quot;classic&quot;}\">\n\t\t\t\t\t\t\t<div class=\"elementor-background-overlay\"><\/div>\n\t\t\t\t\t\t\t<div class=\"elementor-container elementor-column-gap-default\">\n\t\t\t\t\t<div class=\"elementor-column elementor-col-50 elementor-top-column elementor-element elementor-element-874a2fb\" data-id=\"874a2fb\" data-element_type=\"column\" data-e-type=\"column\">\n\t\t\t<div class=\"elementor-widget-wrap elementor-element-populated\">\n\t\t\t\t\t\t<div class=\"elementor-element elementor-element-196eac8 elementor-widget elementor-widget-heading\" data-id=\"196eac8\" data-element_type=\"widget\" data-e-type=\"widget\" data-widget_type=\"heading.default\">\n\t\t\t\t<div class=\"elementor-widget-container\">\n\t\t\t\t\t<h1 class=\"elementor-heading-title elementor-size-default\">Gallery<\/h1>\t\t\t\t<\/div>\n\t\t\t\t<\/div>\n\t\t\t\t<div class=\"elementor-element elementor-element-fc55f4c elementor-widget elementor-widget-text-editor\" data-id=\"fc55f4c\" data-element_type=\"widget\" data-e-type=\"widget\" data-widget_type=\"text-editor.default\">\n\t\t\t\t<div class=\"elementor-widget-container\">\n\t\t\t\t\t\t\t\t\t<p>Meet the European Security team on site.<\/p>\n\t\t\t\t\t\t\t\t<\/div>\n\t\t\t\t<\/div>\n\t\t\t\t\t<\/div>\n\t\t<\/div>\n\t\t\t\t<div class=\"elementor-column elementor-col-50 elementor-top-column elementor-element elementor-element-89ed4ed\" data-id=\"89ed4ed\" data-element_type=\"column\" data-e-type=\"column\">\n\t\t\t<div class=\"elementor-widget-wrap\">\n\t\t\t\t\t\t\t<\/div>\n\t\t<\/div>\n\t\t\t\t\t<\/div>\n\t\t<\/section>\n\t\t\t\t<section class=\"elementor-section elementor-top-section elementor-element elementor-element-4bb5705 elementor-section-boxed elementor-section-height-default elementor-section-height-default\" data-id=\"4bb5705\" data-element_type=\"section\" data-e-type=\"section\">\n\t\t\t\t\t\t<div class=\"elementor-container elementor-column-gap-default\">\n\t\t\t\t\t<div class=\"elementor-column elementor-col-50 elementor-top-column elementor-element elementor-element-3f37dd3\" data-id=\"3f37dd3\" data-element_type=\"column\" data-e-type=\"column\">\n\t\t\t<div class=\"elementor-widget-wrap elementor-element-populated\">\n\t\t\t\t\t\t<div class=\"elementor-element elementor-element-250856a lt-project-item elementor-position-top elementor-widget elementor-widget-image-box\" data-id=\"250856a\" data-element_type=\"widget\" data-e-type=\"widget\" data-widget_type=\"image-box.default\">\n\t\t\t\t<div class=\"elementor-widget-container\">\n\t\t\t\t\t<div class=\"elementor-image-box-wrapper\"><figure class=\"elementor-image-box-img\"><img fetchpriority=\"high\" decoding=\"async\" width=\"1200\" height=\"1200\" src=\"https:\/\/europeansecurity.eu\/wp-content\/uploads\/2022\/11\/Real-3.jpg\" class=\"attachment-full size-full wp-image-5643\" alt=\"\" srcset=\"https:\/\/europeansecurity.eu\/wp-content\/uploads\/2022\/11\/Real-3.jpg 1200w, https:\/\/europeansecurity.eu\/wp-content\/uploads\/2022\/11\/Real-3-500x500.jpg 500w, https:\/\/europeansecurity.eu\/wp-content\/uploads\/2022\/11\/Real-3-1024x1024.jpg 1024w, https:\/\/europeansecurity.eu\/wp-content\/uploads\/2022\/11\/Real-3-750x750.jpg 750w, https:\/\/europeansecurity.eu\/wp-content\/uploads\/2022\/11\/Real-3-768x768.jpg 768w\" sizes=\"(max-width: 1200px) 100vw, 1200px\" \/><\/figure><\/div>\t\t\t\t<\/div>\n\t\t\t\t<\/div>\n\t\t\t\t<section class=\"elementor-section elementor-inner-section elementor-element elementor-element-ab2c1f6 elementor-section-boxed elementor-section-height-default elementor-section-height-default\" data-id=\"ab2c1f6\" data-element_type=\"section\" data-e-type=\"section\">\n\t\t\t\t\t\t<div class=\"elementor-container elementor-column-gap-no\">\n\t\t\t\t\t<div class=\"elementor-column elementor-col-50 elementor-inner-column elementor-element elementor-element-0baeab0\" data-id=\"0baeab0\" data-element_type=\"column\" data-e-type=\"column\">\n\t\t\t<div class=\"elementor-widget-wrap elementor-element-populated\">\n\t\t\t\t\t\t<div class=\"elementor-element elementor-element-59f687f lt-project-item pr2 elementor-position-top elementor-widget elementor-widget-image-box\" data-id=\"59f687f\" data-element_type=\"widget\" data-e-type=\"widget\" data-widget_type=\"image-box.default\">\n\t\t\t\t<div class=\"elementor-widget-container\">\n\t\t\t\t\t<div class=\"elementor-image-box-wrapper\"><figure class=\"elementor-image-box-img\"><img decoding=\"async\" width=\"1200\" height=\"1200\" src=\"https:\/\/europeansecurity.eu\/wp-content\/uploads\/2022\/11\/Real-2.jpg\" class=\"attachment-full size-full wp-image-5642\" alt=\"\" srcset=\"https:\/\/europeansecurity.eu\/wp-content\/uploads\/2022\/11\/Real-2.jpg 1200w, https:\/\/europeansecurity.eu\/wp-content\/uploads\/2022\/11\/Real-2-500x500.jpg 500w, https:\/\/europeansecurity.eu\/wp-content\/uploads\/2022\/11\/Real-2-1024x1024.jpg 1024w, https:\/\/europeansecurity.eu\/wp-content\/uploads\/2022\/11\/Real-2-750x750.jpg 750w, https:\/\/europeansecurity.eu\/wp-content\/uploads\/2022\/11\/Real-2-768x768.jpg 768w\" sizes=\"(max-width: 1200px) 100vw, 1200px\" \/><\/figure><\/div>\t\t\t\t<\/div>\n\t\t\t\t<\/div>\n\t\t\t\t\t<\/div>\n\t\t<\/div>\n\t\t\t\t<div class=\"elementor-column elementor-col-50 elementor-inner-column elementor-element elementor-element-a9ba23f\" data-id=\"a9ba23f\" data-element_type=\"column\" data-e-type=\"column\">\n\t\t\t<div class=\"elementor-widget-wrap elementor-element-populated\">\n\t\t\t\t\t\t<div class=\"elementor-element elementor-element-18249fd lt-project-item pr2 elementor-position-top elementor-widget elementor-widget-image-box\" data-id=\"18249fd\" data-element_type=\"widget\" data-e-type=\"widget\" data-widget_type=\"image-box.default\">\n\t\t\t\t<div class=\"elementor-widget-container\">\n\t\t\t\t\t<div class=\"elementor-image-box-wrapper\"><figure class=\"elementor-image-box-img\"><img decoding=\"async\" width=\"1200\" height=\"1200\" src=\"https:\/\/europeansecurity.eu\/wp-content\/uploads\/2022\/11\/Real-6.jpg\" class=\"attachment-full size-full wp-image-5640\" alt=\"\" srcset=\"https:\/\/europeansecurity.eu\/wp-content\/uploads\/2022\/11\/Real-6.jpg 1200w, https:\/\/europeansecurity.eu\/wp-content\/uploads\/2022\/11\/Real-6-500x500.jpg 500w, https:\/\/europeansecurity.eu\/wp-content\/uploads\/2022\/11\/Real-6-1024x1024.jpg 1024w, https:\/\/europeansecurity.eu\/wp-content\/uploads\/2022\/11\/Real-6-750x750.jpg 750w, https:\/\/europeansecurity.eu\/wp-content\/uploads\/2022\/11\/Real-6-768x768.jpg 768w\" sizes=\"(max-width: 1200px) 100vw, 1200px\" \/><\/figure><\/div>\t\t\t\t<\/div>\n\t\t\t\t<\/div>\n\t\t\t\t\t<\/div>\n\t\t<\/div>\n\t\t\t\t\t<\/div>\n\t\t<\/section>\n\t\t\t\t\t<\/div>\n\t\t<\/div>\n\t\t\t\t<div class=\"elementor-column elementor-col-50 elementor-top-column elementor-element elementor-element-008a696\" data-id=\"008a696\" data-element_type=\"column\" data-e-type=\"column\">\n\t\t\t<div class=\"elementor-widget-wrap elementor-element-populated\">\n\t\t\t\t\t\t<section class=\"elementor-section elementor-inner-section elementor-element elementor-element-624cc0f elementor-section-boxed elementor-section-height-default elementor-section-height-default\" data-id=\"624cc0f\" data-element_type=\"section\" data-e-type=\"section\">\n\t\t\t\t\t\t<div class=\"elementor-container elementor-column-gap-no\">\n\t\t\t\t\t<div class=\"elementor-column elementor-col-50 elementor-inner-column elementor-element elementor-element-53d48c6\" data-id=\"53d48c6\" data-element_type=\"column\" data-e-type=\"column\">\n\t\t\t<div class=\"elementor-widget-wrap elementor-element-populated\">\n\t\t\t\t\t\t<div class=\"elementor-element elementor-element-78f4b89 lt-project-item pr2 elementor-position-top elementor-widget elementor-widget-image-box\" data-id=\"78f4b89\" data-element_type=\"widget\" data-e-type=\"widget\" data-widget_type=\"image-box.default\">\n\t\t\t\t<div class=\"elementor-widget-container\">\n\t\t\t\t\t<div class=\"elementor-image-box-wrapper\"><figure class=\"elementor-image-box-img\"><img loading=\"lazy\" decoding=\"async\" width=\"1200\" height=\"1200\" src=\"https:\/\/europeansecurity.eu\/wp-content\/uploads\/2022\/11\/Real-4.jpg\" class=\"attachment-full size-full wp-image-5644\" alt=\"\" srcset=\"https:\/\/europeansecurity.eu\/wp-content\/uploads\/2022\/11\/Real-4.jpg 1200w, https:\/\/europeansecurity.eu\/wp-content\/uploads\/2022\/11\/Real-4-500x500.jpg 500w, https:\/\/europeansecurity.eu\/wp-content\/uploads\/2022\/11\/Real-4-1024x1024.jpg 1024w, https:\/\/europeansecurity.eu\/wp-content\/uploads\/2022\/11\/Real-4-750x750.jpg 750w, https:\/\/europeansecurity.eu\/wp-content\/uploads\/2022\/11\/Real-4-768x768.jpg 768w\" sizes=\"(max-width: 1200px) 100vw, 1200px\" \/><\/figure><\/div>\t\t\t\t<\/div>\n\t\t\t\t<\/div>\n\t\t\t\t\t<\/div>\n\t\t<\/div>\n\t\t\t\t<div class=\"elementor-column elementor-col-50 elementor-inner-column elementor-element elementor-element-ee91d18\" data-id=\"ee91d18\" data-element_type=\"column\" data-e-type=\"column\">\n\t\t\t<div class=\"elementor-widget-wrap elementor-element-populated\">\n\t\t\t\t\t\t<div class=\"elementor-element elementor-element-8356802 lt-project-item pr2 elementor-position-top elementor-widget elementor-widget-image-box\" data-id=\"8356802\" data-element_type=\"widget\" data-e-type=\"widget\" data-widget_type=\"image-box.default\">\n\t\t\t\t<div class=\"elementor-widget-container\">\n\t\t\t\t\t<div class=\"elementor-image-box-wrapper\"><figure class=\"elementor-image-box-img\"><img loading=\"lazy\" decoding=\"async\" width=\"1200\" height=\"1200\" src=\"https:\/\/europeansecurity.eu\/wp-content\/uploads\/2022\/11\/Real-5.jpg\" class=\"attachment-full size-full wp-image-5645\" alt=\"\" srcset=\"https:\/\/europeansecurity.eu\/wp-content\/uploads\/2022\/11\/Real-5.jpg 1200w, https:\/\/europeansecurity.eu\/wp-content\/uploads\/2022\/11\/Real-5-500x500.jpg 500w, https:\/\/europeansecurity.eu\/wp-content\/uploads\/2022\/11\/Real-5-1024x1024.jpg 1024w, https:\/\/europeansecurity.eu\/wp-content\/uploads\/2022\/11\/Real-5-750x750.jpg 750w, https:\/\/europeansecurity.eu\/wp-content\/uploads\/2022\/11\/Real-5-768x768.jpg 768w\" sizes=\"(max-width: 1200px) 100vw, 1200px\" \/><\/figure><\/div>\t\t\t\t<\/div>\n\t\t\t\t<\/div>\n\t\t\t\t\t<\/div>\n\t\t<\/div>\n\t\t\t\t\t<\/div>\n\t\t<\/section>\n\t\t\t\t<div class=\"elementor-element elementor-element-f5ab3d3 lt-project-item elementor-position-top elementor-widget elementor-widget-image-box\" data-id=\"f5ab3d3\" data-element_type=\"widget\" data-e-type=\"widget\" data-widget_type=\"image-box.default\">\n\t\t\t\t<div class=\"elementor-widget-container\">\n\t\t\t\t\t<div class=\"elementor-image-box-wrapper\"><figure class=\"elementor-image-box-img\"><img loading=\"lazy\" decoding=\"async\" width=\"1200\" height=\"1200\" src=\"https:\/\/europeansecurity.eu\/wp-content\/uploads\/2022\/11\/Real-1.jpg\" class=\"attachment-full size-full wp-image-5641\" alt=\"\" srcset=\"https:\/\/europeansecurity.eu\/wp-content\/uploads\/2022\/11\/Real-1.jpg 1200w, https:\/\/europeansecurity.eu\/wp-content\/uploads\/2022\/11\/Real-1-500x500.jpg 500w, https:\/\/europeansecurity.eu\/wp-content\/uploads\/2022\/11\/Real-1-1024x1024.jpg 1024w, https:\/\/europeansecurity.eu\/wp-content\/uploads\/2022\/11\/Real-1-750x750.jpg 750w, https:\/\/europeansecurity.eu\/wp-content\/uploads\/2022\/11\/Real-1-768x768.jpg 768w\" sizes=\"(max-width: 1200px) 100vw, 1200px\" \/><\/figure><\/div>\t\t\t\t<\/div>\n\t\t\t\t<\/div>\n\t\t\t\t\t<\/div>\n\t\t<\/div>\n\t\t\t\t\t<\/div>\n\t\t<\/section>\n\t\t\t\t<section class=\"elementor-section elementor-top-section elementor-element elementor-element-e9d1d07 elementor-section-boxed elementor-section-height-default elementor-section-height-default\" data-id=\"e9d1d07\" data-element_type=\"section\" data-e-type=\"section\" data-settings=\"{&quot;background_background&quot;:&quot;gradient&quot;}\">\n\t\t\t\t\t\t<div class=\"elementor-container elementor-column-gap-default\">\n\t\t\t\t\t<div class=\"elementor-column elementor-col-66 elementor-top-column elementor-element elementor-element-f4d694d\" data-id=\"f4d694d\" data-element_type=\"column\" data-e-type=\"column\">\n\t\t\t<div class=\"elementor-widget-wrap elementor-element-populated\">\n\t\t\t\t\t\t<div class=\"elementor-element elementor-element-5802f48 elementor-widget elementor-widget-heading\" data-id=\"5802f48\" data-element_type=\"widget\" data-e-type=\"widget\" data-widget_type=\"heading.default\">\n\t\t\t\t<div class=\"elementor-widget-container\">\n\t\t\t\t\t<h3 class=\"elementor-heading-title elementor-size-default\">Do not hesitate to contact us at any time.<\/h3>\t\t\t\t<\/div>\n\t\t\t\t<\/div>\n\t\t\t\t\t<\/div>\n\t\t<\/div>\n\t\t\t\t<div class=\"elementor-column elementor-col-33 elementor-top-column elementor-element elementor-element-8e3dc04\" data-id=\"8e3dc04\" data-element_type=\"column\" data-e-type=\"column\">\n\t\t\t<div class=\"elementor-widget-wrap elementor-element-populated\">\n\t\t\t\t\t\t<div class=\"elementor-element elementor-element-2f5453f elementor-align-right elementor-widget elementor-widget-button\" data-id=\"2f5453f\" data-element_type=\"widget\" data-e-type=\"widget\" data-widget_type=\"button.default\">\n\t\t\t\t<div class=\"elementor-widget-container\">\n\t\t\t\t\t\t\t\t\t<div class=\"elementor-button-wrapper\">\n\t\t\t\t\t<a class=\"elementor-button elementor-button-link elementor-size-sm\" href=\"https:\/\/europeansecurity.eu\/en\/contact\/\">\n\t\t\t\t\t\t<span class=\"elementor-button-content-wrapper\">\n\t\t\t\t\t\t\t\t\t<span class=\"elementor-button-text\">CONTACT US<\/span>\n\t\t\t\t\t<\/span>\n\t\t\t\t\t<\/a>\n\t\t\t\t<\/div>\n\t\t\t\t\t\t\t\t<\/div>\n\t\t\t\t<\/div>\n\t\t\t\t\t<\/div>\n\t\t<\/div>\n\t\t\t\t\t<\/div>\n\t\t<\/section>\n\t\t\t\t<\/div>","protected":false},"excerpt":{"rendered":"<p>Gallery Meet the European Security team on site. Do not hesitate to contact us at any time. CONTACT US<\/p>","protected":false},"author":1,"featured_media":0,"parent":0,"menu_order":0,"comment_status":"closed","ping_status":"closed","template":"elementor_header_footer","meta":{"_et_pb_use_builder":"","_et_pb_old_content":"","_et_gb_content_width":"","footnotes":""},"class_list":["post-5924","page","type-page","status-publish","hentry"],"yoast_head":"<!-- This site is optimized with the Yoast SEO Premium plugin v26.9 (Yoast SEO v26.9) - https:\/\/yoast.com\/product\/yoast-seo-premium-wordpress\/ -->\n<title>Gallery | European Security<\/title>\n<meta name=\"robots\" content=\"index, follow, max-snippet:-1, max-image-preview:large, max-video-preview:-1\" \/>\n<link rel=\"canonical\" href=\"https:\/\/europeansecurity.eu\/en\/gallery\/\" \/>\n<meta property=\"og:locale\" content=\"en_GB\" \/>\n<meta property=\"og:type\" content=\"article\" \/>\n<meta property=\"og:title\" content=\"Gallery\" \/>\n<meta property=\"og:description\" content=\"Gallery Meet the European Security team on site. Do not hesitate to contact us at any time. CONTACT US\" \/>\n<meta property=\"og:url\" content=\"https:\/\/europeansecurity.eu\/en\/gallery\/\" \/>\n<meta property=\"og:site_name\" content=\"European Security\" \/>\n<meta property=\"article:publisher\" content=\"https:\/\/www.facebook.com\/profile.php?id=100045113027366\" \/>\n<meta property=\"article:modified_time\" content=\"2022-11-17T17:03:34+00:00\" \/>\n<meta property=\"og:image\" content=\"https:\/\/europeansecurity.eu\/wp-content\/uploads\/2022\/11\/Real-3.jpg\" \/>\n<meta name=\"twitter:card\" content=\"summary_large_image\" \/>\n<script type=\"application\/ld+json\" class=\"yoast-schema-graph\">{\"@context\":\"https:\/\/schema.org\",\"@graph\":[{\"@type\":\"WebPage\",\"@id\":\"https:\/\/europeansecurity.eu\/en\/gallery\/\",\"url\":\"https:\/\/europeansecurity.eu\/en\/gallery\/\",\"name\":\"Gallery | European Security\",\"isPartOf\":{\"@id\":\"https:\/\/europeansecurity.eu\/#website\"},\"primaryImageOfPage\":{\"@id\":\"https:\/\/europeansecurity.eu\/en\/gallery\/#primaryimage\"},\"image\":{\"@id\":\"https:\/\/europeansecurity.eu\/en\/gallery\/#primaryimage\"},\"thumbnailUrl\":\"https:\/\/europeansecurity.eu\/wp-content\/uploads\/2022\/11\/Real-3.jpg\",\"datePublished\":\"2021-08-10T02:43:57+00:00\",\"dateModified\":\"2022-11-17T17:03:34+00:00\",\"breadcrumb\":{\"@id\":\"https:\/\/europeansecurity.eu\/en\/gallery\/#breadcrumb\"},\"inLanguage\":\"en-GB\",\"potentialAction\":[{\"@type\":\"ReadAction\",\"target\":[\"https:\/\/europeansecurity.eu\/en\/gallery\/\"]}]},{\"@type\":\"ImageObject\",\"inLanguage\":\"en-GB\",\"@id\":\"https:\/\/europeansecurity.eu\/en\/gallery\/#primaryimage\",\"url\":\"https:\/\/europeansecurity.eu\/wp-content\/uploads\/2022\/11\/Real-3.jpg\",\"contentUrl\":\"https:\/\/europeansecurity.eu\/wp-content\/uploads\/2022\/11\/Real-3.jpg\"},{\"@type\":\"BreadcrumbList\",\"@id\":\"https:\/\/europeansecurity.eu\/en\/gallery\/#breadcrumb\",\"itemListElement\":[{\"@type\":\"ListItem\",\"position\":1,\"name\":\"Accueil\",\"item\":\"https:\/\/europeansecurity.eu\/\"},{\"@type\":\"ListItem\",\"position\":2,\"name\":\"Gallery\"}]},{\"@type\":\"WebSite\",\"@id\":\"https:\/\/europeansecurity.eu\/#website\",\"url\":\"https:\/\/europeansecurity.eu\/\",\"name\":\"European Security\",\"description\":\"Votre s\u00e9curit\u00e9 est notre priorit\u00e9 !\",\"publisher\":{\"@id\":\"https:\/\/europeansecurity.eu\/#organization\"},\"alternateName\":\"EPS\",\"potentialAction\":[{\"@type\":\"SearchAction\",\"target\":{\"@type\":\"EntryPoint\",\"urlTemplate\":\"https:\/\/europeansecurity.eu\/?s={search_term_string}\"},\"query-input\":{\"@type\":\"PropertyValueSpecification\",\"valueRequired\":true,\"valueName\":\"search_term_string\"}}],\"inLanguage\":\"en-GB\"},{\"@type\":\"Organization\",\"@id\":\"https:\/\/europeansecurity.eu\/#organization\",\"name\":\"European Security\",\"alternateName\":\"EPS\",\"url\":\"https:\/\/europeansecurity.eu\/\",\"logo\":{\"@type\":\"ImageObject\",\"inLanguage\":\"en-GB\",\"@id\":\"https:\/\/europeansecurity.eu\/#\/schema\/logo\/image\/\",\"url\":\"https:\/\/europeansecurity.eu\/wp-content\/uploads\/2022\/11\/Avis-1.jpg\",\"contentUrl\":\"https:\/\/europeansecurity.eu\/wp-content\/uploads\/2022\/11\/Avis-1.jpg\",\"width\":600,\"height\":600,\"caption\":\"European Security\"},\"image\":{\"@id\":\"https:\/\/europeansecurity.eu\/#\/schema\/logo\/image\/\"},\"sameAs\":[\"https:\/\/www.facebook.com\/profile.php?id=100045113027366\"],\"description\":\"European Security est une entreprise de s\u00e9curit\u00e9 priv\u00e9e bas\u00e9e \u00e0 Bruxelles, sp\u00e9cialis\u00e9e dans la surveillance statique, les rondes mobiles, le contr\u00f4le d\u2019acc\u00e8s, la protection rapproch\u00e9e arm\u00e9e et la s\u00e9curisation d\u2019\u00e9v\u00e9nements en Belgique, au Luxembourg et partout en Europe. Nos agents agr\u00e9\u00e9s assurent la protection 24\/7 de vos sites, commerces, ambassades, festivals et personnalit\u00e9s, avec des solutions de s\u00e9curit\u00e9 sur mesure alliant technologie, expertise et r\u00e9activit\u00e9. European Security \u2013 Soci\u00e9t\u00e9 de s\u00e9curit\u00e9 \u00e0 Bruxelles : gardiennage, protection arm\u00e9e, rondes mobiles et \u00e9v\u00e9nements 24\/7 en Belgique et en Europe.\",\"email\":\"info@europeansecurity.eu\",\"telephone\":\"080037227\",\"legalName\":\"EUROPEAN PRIVATE SECURITY\",\"vatID\":\"BE0549945656\",\"numberOfEmployees\":{\"@type\":\"QuantitativeValue\",\"minValue\":\"51\",\"maxValue\":\"200\"},\"publishingPrinciples\":\"https:\/\/europeansecurity.eu\/a-propos\/\"}]}<\/script>\n<!-- \/ Yoast SEO Premium plugin. -->","yoast_head_json":{"title":"Gallery | European Security","robots":{"index":"index","follow":"follow","max-snippet":"max-snippet:-1","max-image-preview":"max-image-preview:large","max-video-preview":"max-video-preview:-1"},"canonical":"https:\/\/europeansecurity.eu\/en\/gallery\/","og_locale":"en_GB","og_type":"article","og_title":"Gallery","og_description":"Gallery Meet the European Security team on site. Do not hesitate to contact us at any time. CONTACT US","og_url":"https:\/\/europeansecurity.eu\/en\/gallery\/","og_site_name":"European Security","article_publisher":"https:\/\/www.facebook.com\/profile.php?id=100045113027366","article_modified_time":"2022-11-17T17:03:34+00:00","og_image":[{"url":"https:\/\/europeansecurity.eu\/wp-content\/uploads\/2022\/11\/Real-3.jpg","type":"","width":"","height":""}],"twitter_card":"summary_large_image","schema":{"@context":"https:\/\/schema.org","@graph":[{"@type":"WebPage","@id":"https:\/\/europeansecurity.eu\/en\/gallery\/","url":"https:\/\/europeansecurity.eu\/en\/gallery\/","name":"Gallery | European Security","isPartOf":{"@id":"https:\/\/europeansecurity.eu\/#website"},"primaryImageOfPage":{"@id":"https:\/\/europeansecurity.eu\/en\/gallery\/#primaryimage"},"image":{"@id":"https:\/\/europeansecurity.eu\/en\/gallery\/#primaryimage"},"thumbnailUrl":"https:\/\/europeansecurity.eu\/wp-content\/uploads\/2022\/11\/Real-3.jpg","datePublished":"2021-08-10T02:43:57+00:00","dateModified":"2022-11-17T17:03:34+00:00","breadcrumb":{"@id":"https:\/\/europeansecurity.eu\/en\/gallery\/#breadcrumb"},"inLanguage":"en-GB","potentialAction":[{"@type":"ReadAction","target":["https:\/\/europeansecurity.eu\/en\/gallery\/"]}]},{"@type":"ImageObject","inLanguage":"en-GB","@id":"https:\/\/europeansecurity.eu\/en\/gallery\/#primaryimage","url":"https:\/\/europeansecurity.eu\/wp-content\/uploads\/2022\/11\/Real-3.jpg","contentUrl":"https:\/\/europeansecurity.eu\/wp-content\/uploads\/2022\/11\/Real-3.jpg"},{"@type":"BreadcrumbList","@id":"https:\/\/europeansecurity.eu\/en\/gallery\/#breadcrumb","itemListElement":[{"@type":"ListItem","position":1,"name":"Accueil","item":"https:\/\/europeansecurity.eu\/"},{"@type":"ListItem","position":2,"name":"Gallery"}]},{"@type":"WebSite","@id":"https:\/\/europeansecurity.eu\/#website","url":"https:\/\/europeansecurity.eu\/","name":"European Security","description":"Votre s\u00e9curit\u00e9 est notre priorit\u00e9 !","publisher":{"@id":"https:\/\/europeansecurity.eu\/#organization"},"alternateName":"EPS","potentialAction":[{"@type":"SearchAction","target":{"@type":"EntryPoint","urlTemplate":"https:\/\/europeansecurity.eu\/?s={search_term_string}"},"query-input":{"@type":"PropertyValueSpecification","valueRequired":true,"valueName":"search_term_string"}}],"inLanguage":"en-GB"},{"@type":"Organization","@id":"https:\/\/europeansecurity.eu\/#organization","name":"European Security","alternateName":"EPS","url":"https:\/\/europeansecurity.eu\/","logo":{"@type":"ImageObject","inLanguage":"en-GB","@id":"https:\/\/europeansecurity.eu\/#\/schema\/logo\/image\/","url":"https:\/\/europeansecurity.eu\/wp-content\/uploads\/2022\/11\/Avis-1.jpg","contentUrl":"https:\/\/europeansecurity.eu\/wp-content\/uploads\/2022\/11\/Avis-1.jpg","width":600,"height":600,"caption":"European Security"},"image":{"@id":"https:\/\/europeansecurity.eu\/#\/schema\/logo\/image\/"},"sameAs":["https:\/\/www.facebook.com\/profile.php?id=100045113027366"],"description":"European Security est une entreprise de s\u00e9curit\u00e9 priv\u00e9e bas\u00e9e \u00e0 Bruxelles, sp\u00e9cialis\u00e9e dans la surveillance statique, les rondes mobiles, le contr\u00f4le d\u2019acc\u00e8s, la protection rapproch\u00e9e arm\u00e9e et la s\u00e9curisation d\u2019\u00e9v\u00e9nements en Belgique, au Luxembourg et partout en Europe. Nos agents agr\u00e9\u00e9s assurent la protection 24\/7 de vos sites, commerces, ambassades, festivals et personnalit\u00e9s, avec des solutions de s\u00e9curit\u00e9 sur mesure alliant technologie, expertise et r\u00e9activit\u00e9. European Security \u2013 Soci\u00e9t\u00e9 de s\u00e9curit\u00e9 \u00e0 Bruxelles : gardiennage, protection arm\u00e9e, rondes mobiles et \u00e9v\u00e9nements 24\/7 en Belgique et en Europe.","email":"info@europeansecurity.eu","telephone":"080037227","legalName":"EUROPEAN PRIVATE SECURITY","vatID":"BE0549945656","numberOfEmployees":{"@type":"QuantitativeValue","minValue":"51","maxValue":"200"},"publishingPrinciples":"https:\/\/europeansecurity.eu\/a-propos\/"}]}},"_links":{"self":[{"href":"https:\/\/europeansecurity.eu\/en\/wp-json\/wp\/v2\/pages\/5924","targetHints":{"allow":["GET"]}}],"collection":[{"href":"https:\/\/europeansecurity.eu\/en\/wp-json\/wp\/v2\/pages"}],"about":[{"href":"https:\/\/europeansecurity.eu\/en\/wp-json\/wp\/v2\/types\/page"}],"author":[{"embeddable":true,"href":"https:\/\/europeansecurity.eu\/en\/wp-json\/wp\/v2\/users\/1"}],"replies":[{"embeddable":true,"href":"https:\/\/europeansecurity.eu\/en\/wp-json\/wp\/v2\/comments?post=5924"}],"version-history":[{"count":1,"href":"https:\/\/europeansecurity.eu\/en\/wp-json\/wp\/v2\/pages\/5924\/revisions"}],"predecessor-version":[{"id":5927,"href":"https:\/\/europeansecurity.eu\/en\/wp-json\/wp\/v2\/pages\/5924\/revisions\/5927"}],"wp:attachment":[{"href":"https:\/\/europeansecurity.eu\/en\/wp-json\/wp\/v2\/media?parent=5924"}],"curies":[{"name":"wp","href":"https:\/\/api.w.org\/{rel}","templated":true}]}}